{"id":7105,"date":"2022-06-27T17:43:01","date_gmt":"2022-06-27T21:43:01","guid":{"rendered":"https:\/\/cerom.qc.ca\/phytogenetique\/"},"modified":"2025-10-21T00:34:31","modified_gmt":"2025-10-21T04:34:31","slug":"phytogenetics","status":"publish","type":"page","link":"https:\/\/cerom.qc.ca\/en\/phytogenetics\/","title":{"rendered":"Phytogenetics"},"content":{"rendered":"\t\t<div data-elementor-type=\"wp-page\" data-elementor-id=\"7105\" class=\"elementor elementor-7105 elementor-1648\" data-elementor-post-type=\"page\">\n\t\t\t\t\t\t<section class=\"elementor-section elementor-top-section elementor-element elementor-element-db52887 elementor-section-stretched elementor-section-boxed elementor-section-height-default elementor-section-height-default\" data-id=\"db52887\" data-element_type=\"section\" data-e-type=\"section\" data-settings=\"{&quot;stretch_section&quot;:&quot;section-stretched&quot;,&quot;jet_parallax_layout_list&quot;:[],&quot;background_background&quot;:&quot;slideshow&quot;,&quot;background_slideshow_gallery&quot;:[{&quot;id&quot;:6963,&quot;url&quot;:&quot;https:\\\/\\\/cerom.qc.ca\\\/wp-content\\\/uploads\\\/2022\\\/06\\\/hero-phytogenetique.jpg&quot;}],&quot;background_slideshow_transition_duration&quot;:1000,&quot;background_slideshow_loop&quot;:&quot;yes&quot;,&quot;background_slideshow_slide_duration&quot;:5000,&quot;background_slideshow_slide_transition&quot;:&quot;fade&quot;}\">\n\t\t\t\t\t\t<div class=\"elementor-container elementor-column-gap-default\">\n\t\t\t\t\t<div class=\"elementor-column elementor-col-100 elementor-top-column elementor-element elementor-element-e714784\" data-id=\"e714784\" data-element_type=\"column\" data-e-type=\"column\">\n\t\t\t<div class=\"elementor-widget-wrap elementor-element-populated\">\n\t\t\t\t\t\t<div class=\"elementor-element elementor-element-14da945 elementor-widget elementor-widget-heading\" data-id=\"14da945\" data-element_type=\"widget\" data-e-type=\"widget\" data-widget_type=\"heading.default\">\n\t\t\t\t<div class=\"elementor-widget-container\">\n\t\t\t\t\t<h1 class=\"elementor-heading-title elementor-size-default\">PHYTOGENETICS<\/h1>\t\t\t\t<\/div>\n\t\t\t\t<\/div>\n\t\t\t\t\t<\/div>\n\t\t<\/div>\n\t\t\t\t\t<\/div>\n\t\t<\/section>\n\t\t\t\t<section class=\"elementor-section elementor-top-section elementor-element elementor-element-7cd69dd elementor-section-boxed elementor-section-height-default elementor-section-height-default\" data-id=\"7cd69dd\" data-element_type=\"section\" data-e-type=\"section\" data-settings=\"{&quot;jet_parallax_layout_list&quot;:[]}\">\n\t\t\t\t\t\t<div class=\"elementor-container elementor-column-gap-default\">\n\t\t\t\t\t<div class=\"elementor-column elementor-col-100 elementor-top-column elementor-element elementor-element-6a39945\" data-id=\"6a39945\" data-element_type=\"column\" data-e-type=\"column\">\n\t\t\t<div class=\"elementor-widget-wrap elementor-element-populated\">\n\t\t\t\t\t\t<div class=\"elementor-element elementor-element-654713b elementor-widget elementor-widget-heading\" data-id=\"654713b\" data-element_type=\"widget\" data-e-type=\"widget\" data-widget_type=\"heading.default\">\n\t\t\t\t<div class=\"elementor-widget-container\">\n\t\t\t\t\t<h2 class=\"elementor-heading-title elementor-size-default\">Optimiser la g\u00e9n\u00e9tique des plantes pour favoriser le rendement et la qualit\u00e9 des cultures <\/h2>\t\t\t\t<\/div>\n\t\t\t\t<\/div>\n\t\t\t\t<div class=\"elementor-element elementor-element-b296652 elementor-widget elementor-widget-text-editor\" data-id=\"b296652\" data-element_type=\"widget\" data-e-type=\"widget\" data-widget_type=\"text-editor.default\">\n\t\t\t\t<div class=\"elementor-widget-container\">\n\t\t\t\t\t\t\t\t\t<p>La phytog\u00e9n\u00e9tique est la premi\u00e8re \u00e9tape de la cr\u00e9ation d\u2019une production de grandes cultures durable et rentable. L\u2019am\u00e9lioration g\u00e9n\u00e9tique des cultures permet d\u2019augmenter le rendement, la r\u00e9sistance aux maladies et la qualit\u00e9 du produit final, tout en r\u00e9duisant la d\u00e9pendance aux intrants. Cela englobe la recherche g\u00e9n\u00e9tique fondamentale en amont, comme l\u2019identification de g\u00e8nes li\u00e9s \u00e0 la r\u00e9sistance aux maladies, information qui sera ult\u00e9rieurement utilis\u00e9e en recherche appliqu\u00e9e, dans la s\u00e9lection de nouvelles vari\u00e9t\u00e9s commercialisables r\u00e9sistantes \u00e0 ces maladies.<\/p><p>La recherche en phytog\u00e9n\u00e9tique vise \u00e9galement \u00e0 anticiper les impacts des changements climatiques et \u00e0 int\u00e9grer les caract\u00e9ristiques n\u00e9cessaires pour que les vari\u00e9t\u00e9s du futur soient bien adapt\u00e9es aux stress \u00e9mergents. Au C\u00c9ROM, les recherches visent \u00e0 cr\u00e9er de nouvelles vari\u00e9t\u00e9s de bl\u00e9 et de soya de haute qualit\u00e9 sp\u00e9cialement con\u00e7ues pour r\u00e9pondre aux besoins du march\u00e9 en utilisant les derni\u00e8res technologies ph\u00e9nomiques et g\u00e9nomiques.<\/p>\t\t\t\t\t\t\t\t<\/div>\n\t\t\t\t<\/div>\n\t\t\t\t\t<\/div>\n\t\t<\/div>\n\t\t\t\t\t<\/div>\n\t\t<\/section>\n\t\t\t\t<section class=\"elementor-section elementor-top-section elementor-element elementor-element-ee1a854 elementor-section-full_width elementor-section-stretched elementor-section-height-default elementor-section-height-default\" data-id=\"ee1a854\" data-element_type=\"section\" data-e-type=\"section\" data-settings=\"{&quot;stretch_section&quot;:&quot;section-stretched&quot;,&quot;jet_parallax_layout_list&quot;:[]}\">\n\t\t\t\t\t\t<div class=\"elementor-container elementor-column-gap-default\">\n\t\t\t\t\t<div class=\"elementor-column elementor-col-100 elementor-top-column elementor-element elementor-element-065a647 elementor-hidden-tablet elementor-hidden-mobile\" data-id=\"065a647\" data-element_type=\"column\" data-e-type=\"column\">\n\t\t\t<div class=\"elementor-widget-wrap elementor-element-populated\">\n\t\t\t\t\t\t<div class=\"elementor-element elementor-element-abace32 elementor-absolute elementor-widget elementor-widget-image\" data-id=\"abace32\" data-element_type=\"widget\" data-e-type=\"widget\" data-settings=\"{&quot;_position&quot;:&quot;absolute&quot;}\" data-widget_type=\"image.default\">\n\t\t\t\t<div class=\"elementor-widget-container\">\n\t\t\t\t\t\t\t\t\t\t\t\t\t\t\t<img fetchpriority=\"high\" decoding=\"async\" width=\"377\" height=\"711\" src=\"https:\/\/cerom.qc.ca\/wp-content\/uploads\/2022\/05\/forme.png\" class=\"attachment-medium_large size-medium_large wp-image-6896\" alt=\"\" srcset=\"https:\/\/cerom.qc.ca\/wp-content\/uploads\/2022\/05\/forme.png 377w, https:\/\/cerom.qc.ca\/wp-content\/uploads\/2022\/05\/forme-159x300.png 159w\" sizes=\"(max-width: 377px) 100vw, 377px\" \/>\t\t\t\t\t\t\t\t\t\t\t\t\t\t\t<\/div>\n\t\t\t\t<\/div>\n\t\t\t\t\t<\/div>\n\t\t<\/div>\n\t\t\t\t\t<\/div>\n\t\t<\/section>\n\t\t\t\t<section class=\"elementor-section elementor-top-section elementor-element elementor-element-d715737 elementor-section-boxed elementor-section-height-default elementor-section-height-default\" data-id=\"d715737\" data-element_type=\"section\" data-e-type=\"section\" data-settings=\"{&quot;jet_parallax_layout_list&quot;:[]}\">\n\t\t\t\t\t\t<div class=\"elementor-container elementor-column-gap-default\">\n\t\t\t\t\t<div class=\"elementor-column elementor-col-33 elementor-top-column elementor-element elementor-element-fb2ba3c\" data-id=\"fb2ba3c\" data-element_type=\"column\" data-e-type=\"column\">\n\t\t\t<div class=\"elementor-widget-wrap elementor-element-populated\">\n\t\t\t\t\t\t<div class=\"elementor-element elementor-element-0e1e7e3 cerom-boite-img elementor-position-top elementor-widget elementor-widget-image-box\" data-id=\"0e1e7e3\" data-element_type=\"widget\" data-e-type=\"widget\" data-widget_type=\"image-box.default\">\n\t\t\t\t<div class=\"elementor-widget-container\">\n\t\t\t\t\t<div class=\"elementor-image-box-wrapper\"><figure class=\"elementor-image-box-img\"><a href=\"\/domaine-de-recherche\/phytogenetique-des-cereales\/\" tabindex=\"-1\"><img decoding=\"async\" width=\"500\" height=\"499\" src=\"https:\/\/cerom.qc.ca\/wp-content\/uploads\/2022\/06\/Genetique-des-cereales.jpg\" class=\"attachment-medium_large size-medium_large wp-image-6964\" alt=\"G\u00e9n\u00e9tique des c\u00e9r\u00e9ales\" srcset=\"https:\/\/cerom.qc.ca\/wp-content\/uploads\/2022\/06\/Genetique-des-cereales.jpg 500w, https:\/\/cerom.qc.ca\/wp-content\/uploads\/2022\/06\/Genetique-des-cereales-300x300.jpg 300w, https:\/\/cerom.qc.ca\/wp-content\/uploads\/2022\/06\/Genetique-des-cereales-150x150.jpg 150w\" sizes=\"(max-width: 500px) 100vw, 500px\" \/><\/a><\/figure><div class=\"elementor-image-box-content\"><h3 class=\"elementor-image-box-title\"><a href=\"\/domaine-de-recherche\/phytogenetique-des-cereales\/\">G\u00e9n\u00e9tique des c\u00e9r\u00e9ales<\/a><\/h3><\/div><\/div>\t\t\t\t<\/div>\n\t\t\t\t<\/div>\n\t\t\t\t\t<\/div>\n\t\t<\/div>\n\t\t\t\t<div class=\"elementor-column elementor-col-33 elementor-top-column elementor-element elementor-element-8269a91\" data-id=\"8269a91\" data-element_type=\"column\" data-e-type=\"column\">\n\t\t\t<div class=\"elementor-widget-wrap elementor-element-populated\">\n\t\t\t\t\t\t<div class=\"elementor-element elementor-element-7f1739b cerom-boite-img elementor-position-top elementor-widget elementor-widget-image-box\" data-id=\"7f1739b\" data-element_type=\"widget\" data-e-type=\"widget\" data-widget_type=\"image-box.default\">\n\t\t\t\t<div class=\"elementor-widget-container\">\n\t\t\t\t\t<div class=\"elementor-image-box-wrapper\"><figure class=\"elementor-image-box-img\"><a href=\"\/domaine-de-recherche\/phytogenetique-des-oleoproteagineuses\/\" tabindex=\"-1\"><img decoding=\"async\" width=\"500\" height=\"499\" src=\"https:\/\/cerom.qc.ca\/wp-content\/uploads\/2022\/06\/oleoproteagineuses.jpg\" class=\"attachment-medium_large size-medium_large wp-image-6965\" alt=\"G\u00e9n\u00e9tique des ol\u00e9oprot\u00e9agineuses\" srcset=\"https:\/\/cerom.qc.ca\/wp-content\/uploads\/2022\/06\/oleoproteagineuses.jpg 500w, https:\/\/cerom.qc.ca\/wp-content\/uploads\/2022\/06\/oleoproteagineuses-300x300.jpg 300w, https:\/\/cerom.qc.ca\/wp-content\/uploads\/2022\/06\/oleoproteagineuses-150x150.jpg 150w\" sizes=\"(max-width: 500px) 100vw, 500px\" \/><\/a><\/figure><div class=\"elementor-image-box-content\"><h3 class=\"elementor-image-box-title\"><a href=\"\/domaine-de-recherche\/phytogenetique-des-oleoproteagineuses\/\">G\u00e9n\u00e9tique des ol\u00e9oprot\u00e9agineuses<\/a><\/h3><\/div><\/div>\t\t\t\t<\/div>\n\t\t\t\t<\/div>\n\t\t\t\t\t<\/div>\n\t\t<\/div>\n\t\t\t\t<div class=\"elementor-column elementor-col-33 elementor-top-column elementor-element elementor-element-3974f21\" data-id=\"3974f21\" data-element_type=\"column\" data-e-type=\"column\">\n\t\t\t<div class=\"elementor-widget-wrap elementor-element-populated\">\n\t\t\t\t\t\t<div class=\"elementor-element elementor-element-5009c01 cerom-boite-img elementor-position-top elementor-widget elementor-widget-image-box\" data-id=\"5009c01\" data-element_type=\"widget\" data-e-type=\"widget\" data-widget_type=\"image-box.default\">\n\t\t\t\t<div class=\"elementor-widget-container\">\n\t\t\t\t\t<div class=\"elementor-image-box-wrapper\"><figure class=\"elementor-image-box-img\"><a href=\"\/domaine-de-recherche\/genetique-autres-cultures\/\" tabindex=\"-1\"><img loading=\"lazy\" decoding=\"async\" width=\"500\" height=\"499\" src=\"https:\/\/cerom.qc.ca\/wp-content\/uploads\/2022\/06\/autres-cultures.jpg\" class=\"attachment-full size-full wp-image-6966\" alt=\"G\u00e9n\u00e9tique d\u2019autres cultures\" srcset=\"https:\/\/cerom.qc.ca\/wp-content\/uploads\/2022\/06\/autres-cultures.jpg 500w, https:\/\/cerom.qc.ca\/wp-content\/uploads\/2022\/06\/autres-cultures-300x300.jpg 300w, https:\/\/cerom.qc.ca\/wp-content\/uploads\/2022\/06\/autres-cultures-150x150.jpg 150w\" sizes=\"(max-width: 500px) 100vw, 500px\" \/><\/a><\/figure><div class=\"elementor-image-box-content\"><h3 class=\"elementor-image-box-title\"><a href=\"\/domaine-de-recherche\/genetique-autres-cultures\/\">G\u00e9n\u00e9tique d\u2019autres cultures<\/a><\/h3><\/div><\/div>\t\t\t\t<\/div>\n\t\t\t\t<\/div>\n\t\t\t\t\t<\/div>\n\t\t<\/div>\n\t\t\t\t\t<\/div>\n\t\t<\/section>\n\t\t\t\t<\/div>\n\t\t","protected":false},"excerpt":{"rendered":"<p>PHYTOGENETICS Optimiser la g\u00e9n\u00e9tique des plantes pour favoriser le rendement et la qualit\u00e9 des cultures La phytog\u00e9n\u00e9tique est la premi\u00e8re \u00e9tape de la cr\u00e9ation d\u2019une production de grandes cultures durable et rentable. L\u2019am\u00e9lioration g\u00e9n\u00e9tique des cultures permet d\u2019augmenter le rendement, la r\u00e9sistance aux maladies et la qualit\u00e9 du produit final, tout en r\u00e9duisant la d\u00e9pendance [&hellip;]<\/p>\n","protected":false},"author":1,"featured_media":0,"parent":0,"menu_order":-8999,"comment_status":"closed","ping_status":"closed","template":"","meta":{"_acf_changed":false,"footnotes":""},"class_list":["post-7105","page","type-page","status-publish","hentry"],"acf":[],"_links":{"self":[{"href":"https:\/\/cerom.qc.ca\/en\/wp-json\/wp\/v2\/pages\/7105","targetHints":{"allow":["GET"]}}],"collection":[{"href":"https:\/\/cerom.qc.ca\/en\/wp-json\/wp\/v2\/pages"}],"about":[{"href":"https:\/\/cerom.qc.ca\/en\/wp-json\/wp\/v2\/types\/page"}],"author":[{"embeddable":true,"href":"https:\/\/cerom.qc.ca\/en\/wp-json\/wp\/v2\/users\/1"}],"replies":[{"embeddable":true,"href":"https:\/\/cerom.qc.ca\/en\/wp-json\/wp\/v2\/comments?post=7105"}],"version-history":[{"count":4,"href":"https:\/\/cerom.qc.ca\/en\/wp-json\/wp\/v2\/pages\/7105\/revisions"}],"predecessor-version":[{"id":7486,"href":"https:\/\/cerom.qc.ca\/en\/wp-json\/wp\/v2\/pages\/7105\/revisions\/7486"}],"wp:attachment":[{"href":"https:\/\/cerom.qc.ca\/en\/wp-json\/wp\/v2\/media?parent=7105"}],"curies":[{"name":"wp","href":"https:\/\/api.w.org\/{rel}","templated":true}]}}