{"id":7091,"date":"2022-09-29T15:22:06","date_gmt":"2022-09-29T19:22:06","guid":{"rendered":"https:\/\/cerom.qc.ca\/iaia\/"},"modified":"2025-10-20T22:28:10","modified_gmt":"2025-10-21T02:28:10","slug":"iaia","status":"publish","type":"page","link":"https:\/\/cerom.qc.ca\/en\/iaia\/","title":{"rendered":"Automatic Identification of Agricultural Insects IAIA"},"content":{"rendered":"\t\t<div data-elementor-type=\"wp-page\" data-elementor-id=\"7091\" class=\"elementor elementor-7091 elementor-3425\" data-elementor-post-type=\"page\">\n\t\t\t\t\t\t<section class=\"elementor-section elementor-top-section elementor-element elementor-element-375ad99 elementor-section-stretched elementor-section-boxed elementor-section-height-default elementor-section-height-default\" data-id=\"375ad99\" data-element_type=\"section\" data-e-type=\"section\" data-settings=\"{&quot;stretch_section&quot;:&quot;section-stretched&quot;,&quot;jet_parallax_layout_list&quot;:[],&quot;background_background&quot;:&quot;slideshow&quot;,&quot;background_slideshow_gallery&quot;:[{&quot;id&quot;:6925,&quot;url&quot;:&quot;https:\\\/\\\/cerom.qc.ca\\\/wp-content\\\/uploads\\\/2022\\\/05\\\/Page_carriere_M7-2.jpg&quot;}],&quot;background_slideshow_transition_duration&quot;:1000,&quot;background_slideshow_loop&quot;:&quot;yes&quot;,&quot;background_slideshow_slide_duration&quot;:5000,&quot;background_slideshow_slide_transition&quot;:&quot;fade&quot;}\">\n\t\t\t\t\t\t<div class=\"elementor-container elementor-column-gap-default\">\n\t\t\t\t\t<div class=\"elementor-column elementor-col-100 elementor-top-column elementor-element elementor-element-e61f4bc\" data-id=\"e61f4bc\" data-element_type=\"column\" data-e-type=\"column\">\n\t\t\t<div class=\"elementor-widget-wrap elementor-element-populated\">\n\t\t\t\t\t\t<div class=\"elementor-element elementor-element-1e3a279 elementor-widget elementor-widget-heading\" data-id=\"1e3a279\" data-element_type=\"widget\" data-e-type=\"widget\" data-widget_type=\"heading.default\">\n\t\t\t\t<div class=\"elementor-widget-container\">\n\t\t\t\t\t<h2 class=\"elementor-heading-title elementor-size-default\">Identification Automatique d\u2019Insectes Agricoles<\/h2>\t\t\t\t<\/div>\n\t\t\t\t<\/div>\n\t\t\t\t\t<\/div>\n\t\t<\/div>\n\t\t\t\t\t<\/div>\n\t\t<\/section>\n\t\t\t\t<section class=\"elementor-section elementor-top-section elementor-element elementor-element-8468287 elementor-section-boxed elementor-section-height-default elementor-section-height-default\" data-id=\"8468287\" data-element_type=\"section\" data-e-type=\"section\" data-settings=\"{&quot;jet_parallax_layout_list&quot;:[],&quot;background_background&quot;:&quot;classic&quot;}\">\n\t\t\t\t\t\t<div class=\"elementor-container elementor-column-gap-default\">\n\t\t\t\t\t<div class=\"elementor-column elementor-col-100 elementor-top-column elementor-element elementor-element-5a1d2b9\" data-id=\"5a1d2b9\" data-element_type=\"column\" data-e-type=\"column\">\n\t\t\t<div class=\"elementor-widget-wrap elementor-element-populated\">\n\t\t\t\t\t\t<div class=\"elementor-element elementor-element-171be65 elementor-widget elementor-widget-heading\" data-id=\"171be65\" data-element_type=\"widget\" data-e-type=\"widget\" data-widget_type=\"heading.default\">\n\t\t\t\t<div class=\"elementor-widget-container\">\n\t\t\t\t\t<h1 class=\"elementor-heading-title elementor-size-default\">Projet d\u2019application mobile \u00ab IAIA \u00bb<\/h1>\t\t\t\t<\/div>\n\t\t\t\t<\/div>\n\t\t\t\t<div class=\"elementor-element elementor-element-d2f3dd0 elementor-widget elementor-widget-text-editor\" data-id=\"d2f3dd0\" data-element_type=\"widget\" data-e-type=\"widget\" data-widget_type=\"text-editor.default\">\n\t\t\t\t<div class=\"elementor-widget-container\">\n\t\t\t\t\t\t\t\t\t<p>Le C\u00c9ROM (Centre de recherche sur les grains inc.) a pour objectif de d\u00e9velopper une application de reconnaissance automatique des insectes dans les grandes cultures. Cet outil a pour but d&#8217;aider les producteurs, les agronomes, les \u00e9tudiants et les stagiaires lors de leurs activit\u00e9s de d\u00e9pistage, en facilitant la reconnaissance des insectes. Dans le cadre d&#8217;une gestion int\u00e9gr\u00e9e des esp\u00e8ces nuisibles, \u00ab IAIA \u00bb permettra d\u2019identifier les esp\u00e8ces r\u00e9guli\u00e8rement pr\u00e9sentes (ravageurs et insectes b\u00e9n\u00e9fiques) dans les grandes cultures (ex. ma\u00efs, soya, bl\u00e9 et canola).<\/p><p>D\u00e9couvrez et suivez l\u2019\u00e9volution de ce projet \u00e0 travers cette page Internet.<\/p>\t\t\t\t\t\t\t\t<\/div>\n\t\t\t\t<\/div>\n\t\t\t\t<div class=\"elementor-element elementor-element-9a96911 elementor-widget elementor-widget-text-editor\" data-id=\"9a96911\" data-element_type=\"widget\" data-e-type=\"widget\" data-widget_type=\"text-editor.default\">\n\t\t\t\t<div class=\"elementor-widget-container\">\n\t\t\t\t\t\t\t\t\t<h2>Les grandes \u00e9tapes du projet<\/h2><p>Cliquer sur le lien prendre connaissance du <a href=\"https:\/\/www.mapaq.gouv.qc.ca\/SiteCollectionDocuments\/Agroenvironnement\/18-064-CEROM_Resume.pdf\" target=\"_blank\" rel=\"noopener\">r\u00e9sum\u00e9 du projet<\/a>.<\/p><p>Voici bri\u00e8vement quelques \u00e9tapes expliquant le fonctionnement de l\u2019application<\/p><p>Afin de mieux r\u00e9pondre aux besoins et aux attentes des futurs utilisateurs de l&#8217;application, nous r\u00e9alisons un sondage pour savoir ce que vous attendez de ce type\u00a0d&#8217;application.<\/p><p>Cliquez sur le lien pour acc\u00e9der au sondage.<\/p><p>Quelques minutes suffisent pour remplir le sondage. Merci d\u2019avance pour votre participation.<br \/>Date limite de participation\u00a0: <strong>30 septembre 2019<\/strong><\/p><p>L\u2019objectif est de b\u00e2tir une banque d\u2019images pour diff\u00e9rents insectes ravageurs et b\u00e9n\u00e9fiques retrouv\u00e9s dans les grandes cultures \u00e0 diff\u00e9rents stades de leur d\u00e9veloppement. Des photos sont prises avec diff\u00e9rents outils (t\u00e9l\u00e9phones cellulaires, appareils photos, et microscope Keyence), selon diff\u00e9rentes conditions et en diff\u00e9rentes r\u00e9solutions. Nous r\u00e9alisons un nombre \u00e9lev\u00e9 de photos pour que l\u2019application puisse identifier l\u2019insecte avec une bonne fiabilit\u00e9.<\/p><p>Cet outil fera appel aux technologies de l\u2019Intelligence Artificielle.<\/p><p>Les photos de la banque seront utilis\u00e9es pour d\u00e9velopper l\u2019application de reconnaissance automatis\u00e9e, \u00e0 l\u2019aide d\u2019une m\u00e9thode d\u2019apprentissage automatique, appel\u00e9e R\u00e9seaux Neuronaux Convolutifs (en anglais, <em>Convolutional Neural Networks<\/em>). Ces photos serviront \u00e0 entra\u00eener l\u2019application \u00e0 reconna\u00eetre les insectes. Par la suite, lorsque l\u2019utilisateur ouvrira ou prendra une photo dans l\u2019application, celle-ci proposera alors une identification.<\/p><p>Notre collaborateur dans la r\u00e9alisation de cette phase du projet est la compagnie Luna ID.<\/p><p>Nous validerons le fonctionnement de l\u2019application en faisant appel \u00e0 un panel d\u2019utilisateurs.<\/p><p>L\u2019application sera mise en ligne d\u00e8s que tous les tests seront jug\u00e9s concluants.<\/p><p>L\u2019application sera disponible gratuitement et pourra \u00eatre t\u00e9l\u00e9charg\u00e9e sur les boutiques virtuelles Google Play et Apple App Store. Des liens vers les plateformes seront disponibles \u00e0 partir de cette page Internet.<\/p><h2>Contact<\/h2><p>Pour plus de renseignements, merci de contacter le <a href=\"mailto:julien.saguez@cerom.qc.ca?subject=Projet IAIA\">responsable<\/a> du projet.<\/p><h2>Remerciements<\/h2><p>Ce projet Prime-Vert (18-064-CEROM) est r\u00e9alis\u00e9 en vertu du sous-volet 3.1 du programme Prime-Vert 2018-2023 et il a b\u00e9n\u00e9fici\u00e9 d&#8217;une aide financi\u00e8re du minist\u00e8re de l&#8217;Agriculture, des P\u00eacheries et de l&#8217;Alimentation (MAPAQ) par l&#8217;entremise de la Strat\u00e9gie phytosanitaire qu\u00e9b\u00e9coise en agriculture 2011-2021.<\/p>\t\t\t\t\t\t\t\t<\/div>\n\t\t\t\t<\/div>\n\t\t\t\t\t<\/div>\n\t\t<\/div>\n\t\t\t\t\t<\/div>\n\t\t<\/section>\n\t\t\t\t<section class=\"elementor-section elementor-top-section elementor-element elementor-element-ee1a854 elementor-section-full_width elementor-section-stretched elementor-section-height-default elementor-section-height-default\" data-id=\"ee1a854\" data-element_type=\"section\" data-e-type=\"section\" data-settings=\"{&quot;stretch_section&quot;:&quot;section-stretched&quot;,&quot;jet_parallax_layout_list&quot;:[]}\">\n\t\t\t\t\t\t<div class=\"elementor-container elementor-column-gap-default\">\n\t\t\t\t\t<div class=\"elementor-column elementor-col-100 elementor-top-column elementor-element elementor-element-065a647\" data-id=\"065a647\" data-element_type=\"column\" data-e-type=\"column\">\n\t\t\t<div class=\"elementor-widget-wrap elementor-element-populated\">\n\t\t\t\t\t\t<div class=\"elementor-element elementor-element-abace32 elementor-absolute elementor-widget elementor-widget-image\" data-id=\"abace32\" data-element_type=\"widget\" data-e-type=\"widget\" data-settings=\"{&quot;_position&quot;:&quot;absolute&quot;}\" data-widget_type=\"image.default\">\n\t\t\t\t<div class=\"elementor-widget-container\">\n\t\t\t\t\t\t\t\t\t\t\t\t\t\t\t<img fetchpriority=\"high\" decoding=\"async\" width=\"377\" height=\"711\" src=\"https:\/\/cerom.qc.ca\/wp-content\/uploads\/2022\/05\/forme.png\" class=\"attachment-medium_large size-medium_large wp-image-6896\" alt=\"\" srcset=\"https:\/\/cerom.qc.ca\/wp-content\/uploads\/2022\/05\/forme.png 377w, https:\/\/cerom.qc.ca\/wp-content\/uploads\/2022\/05\/forme-159x300.png 159w\" sizes=\"(max-width: 377px) 100vw, 377px\" \/>\t\t\t\t\t\t\t\t\t\t\t\t\t\t\t<\/div>\n\t\t\t\t<\/div>\n\t\t\t\t\t<\/div>\n\t\t<\/div>\n\t\t\t\t\t<\/div>\n\t\t<\/section>\n\t\t\t\t<\/div>\n\t\t","protected":false},"excerpt":{"rendered":"<p>Identification Automatique d\u2019Insectes Agricoles Projet d\u2019application mobile \u00ab IAIA \u00bb Le C\u00c9ROM (Centre de recherche sur les grains inc.) a pour objectif de d\u00e9velopper une application de reconnaissance automatique des insectes dans les grandes cultures. Cet outil a pour but d&#8217;aider les producteurs, les agronomes, les \u00e9tudiants et les stagiaires lors de leurs activit\u00e9s de [&hellip;]<\/p>\n","protected":false},"author":1,"featured_media":0,"parent":0,"menu_order":-9950,"comment_status":"closed","ping_status":"closed","template":"","meta":{"_acf_changed":false,"footnotes":""},"class_list":["post-7091","page","type-page","status-publish","hentry"],"acf":[],"_links":{"self":[{"href":"https:\/\/cerom.qc.ca\/en\/wp-json\/wp\/v2\/pages\/7091","targetHints":{"allow":["GET"]}}],"collection":[{"href":"https:\/\/cerom.qc.ca\/en\/wp-json\/wp\/v2\/pages"}],"about":[{"href":"https:\/\/cerom.qc.ca\/en\/wp-json\/wp\/v2\/types\/page"}],"author":[{"embeddable":true,"href":"https:\/\/cerom.qc.ca\/en\/wp-json\/wp\/v2\/users\/1"}],"replies":[{"embeddable":true,"href":"https:\/\/cerom.qc.ca\/en\/wp-json\/wp\/v2\/comments?post=7091"}],"version-history":[{"count":1,"href":"https:\/\/cerom.qc.ca\/en\/wp-json\/wp\/v2\/pages\/7091\/revisions"}],"predecessor-version":[{"id":7398,"href":"https:\/\/cerom.qc.ca\/en\/wp-json\/wp\/v2\/pages\/7091\/revisions\/7398"}],"wp:attachment":[{"href":"https:\/\/cerom.qc.ca\/en\/wp-json\/wp\/v2\/media?parent=7091"}],"curies":[{"name":"wp","href":"https:\/\/api.w.org\/{rel}","templated":true}]}}