{"id":7090,"date":"2022-05-23T07:47:31","date_gmt":"2022-05-23T11:47:31","guid":{"rendered":"https:\/\/cerom.qc.ca\/carriere\/"},"modified":"2025-10-20T22:28:01","modified_gmt":"2025-10-21T02:28:01","slug":"career","status":"publish","type":"page","link":"https:\/\/cerom.qc.ca\/en\/career\/","title":{"rendered":"Career"},"content":{"rendered":"\t\t<div data-elementor-type=\"wp-page\" data-elementor-id=\"7090\" class=\"elementor elementor-7090 elementor-484\" data-elementor-post-type=\"page\">\n\t\t\t\t\t\t<section class=\"elementor-section elementor-top-section elementor-element elementor-element-375ad99 elementor-section-stretched elementor-section-boxed elementor-section-height-default elementor-section-height-default\" data-id=\"375ad99\" data-element_type=\"section\" data-e-type=\"section\" data-settings=\"{&quot;stretch_section&quot;:&quot;section-stretched&quot;,&quot;jet_parallax_layout_list&quot;:[],&quot;background_background&quot;:&quot;slideshow&quot;,&quot;background_slideshow_gallery&quot;:[{&quot;id&quot;:6925,&quot;url&quot;:&quot;https:\\\/\\\/cerom.qc.ca\\\/wp-content\\\/uploads\\\/2022\\\/05\\\/Page_carriere_M7-2.jpg&quot;}],&quot;background_slideshow_transition_duration&quot;:1000,&quot;background_slideshow_loop&quot;:&quot;yes&quot;,&quot;background_slideshow_slide_duration&quot;:5000,&quot;background_slideshow_slide_transition&quot;:&quot;fade&quot;}\">\n\t\t\t\t\t\t<div class=\"elementor-container elementor-column-gap-default\">\n\t\t\t\t\t<div class=\"elementor-column elementor-col-100 elementor-top-column elementor-element elementor-element-e61f4bc\" data-id=\"e61f4bc\" data-element_type=\"column\" data-e-type=\"column\">\n\t\t\t<div class=\"elementor-widget-wrap elementor-element-populated\">\n\t\t\t\t\t\t<div class=\"elementor-element elementor-element-1e3a279 elementor-widget elementor-widget-heading\" data-id=\"1e3a279\" data-element_type=\"widget\" data-e-type=\"widget\" data-widget_type=\"heading.default\">\n\t\t\t\t<div class=\"elementor-widget-container\">\n\t\t\t\t\t<h2 class=\"elementor-heading-title elementor-size-default\">Pour une carri\u00e8re orient\u00e9e en grandes cultures\n<\/h2>\t\t\t\t<\/div>\n\t\t\t\t<\/div>\n\t\t\t\t\t<\/div>\n\t\t<\/div>\n\t\t\t\t\t<\/div>\n\t\t<\/section>\n\t\t\t\t<section class=\"elementor-section elementor-top-section elementor-element elementor-element-8468287 elementor-section-boxed elementor-section-height-default elementor-section-height-default\" data-id=\"8468287\" data-element_type=\"section\" data-e-type=\"section\" data-settings=\"{&quot;jet_parallax_layout_list&quot;:[],&quot;background_background&quot;:&quot;classic&quot;}\">\n\t\t\t\t\t\t<div class=\"elementor-container elementor-column-gap-default\">\n\t\t\t\t\t<div class=\"elementor-column elementor-col-100 elementor-top-column elementor-element elementor-element-5a1d2b9\" data-id=\"5a1d2b9\" data-element_type=\"column\" data-e-type=\"column\">\n\t\t\t<div class=\"elementor-widget-wrap elementor-element-populated\">\n\t\t\t\t\t\t<div class=\"elementor-element elementor-element-171be65 elementor-widget elementor-widget-heading\" data-id=\"171be65\" data-element_type=\"widget\" data-e-type=\"widget\" data-widget_type=\"heading.default\">\n\t\t\t\t<div class=\"elementor-widget-container\">\n\t\t\t\t\t<h1 class=\"elementor-heading-title elementor-size-default\">Qu\u2019attendez-vous pour vous joindre \u00e0 nous?\n<\/h1>\t\t\t\t<\/div>\n\t\t\t\t<\/div>\n\t\t\t\t<div class=\"elementor-element elementor-element-d2f3dd0 elementor-widget elementor-widget-text-editor\" data-id=\"d2f3dd0\" data-element_type=\"widget\" data-e-type=\"widget\" data-widget_type=\"text-editor.default\">\n\t\t\t\t<div class=\"elementor-widget-container\">\n\t\t\t\t\t\t\t\t\t<p>Vous recherchez un emploi dans le domaine de l\u2019agriculture? La recherche en grandes cultures vous int\u00e9resse? Vous d\u00e9sirez contribuer au d\u00e9veloppement d\u2019une agriculture durable pour le Qu\u00e9bec? Dans ce cas, nous voulons vous rencontrer!<\/p><p>Quelle que soit votre expertise dans le secteur des grandes cultures, votre talent et vos connaissances permettront au C\u00c9ROM de r\u00e9aliser ses projets de recherche et de demeurer un chef de file dans le domaine de la recherche en grandes cultures au Qu\u00e9bec.<\/p><p>Vous avez consult\u00e9 les opportunit\u00e9s d&#8217;emploi ci-dessous et aucune ne r\u00e9pond \u00e0 vos int\u00e9r\u00eats? Sachez que nous sommes toujours int\u00e9ress\u00e9s \u00e0 de nouveaux talents. Nous vous invitons \u00e0 nous transmettre votre candidature pour d&#8217;\u00e9ventuels besoins en cliquant sur &#8220;candidature spontan\u00e9e&#8221;.<\/p>\t\t\t\t\t\t\t\t<\/div>\n\t\t\t\t<\/div>\n\t\t\t\t\t<\/div>\n\t\t<\/div>\n\t\t\t\t\t<\/div>\n\t\t<\/section>\n\t\t\t\t<section class=\"elementor-section elementor-top-section elementor-element elementor-element-ee1a854 elementor-section-full_width elementor-section-stretched elementor-section-height-default elementor-section-height-default\" data-id=\"ee1a854\" data-element_type=\"section\" data-e-type=\"section\" data-settings=\"{&quot;stretch_section&quot;:&quot;section-stretched&quot;,&quot;jet_parallax_layout_list&quot;:[]}\">\n\t\t\t\t\t\t<div class=\"elementor-container elementor-column-gap-default\">\n\t\t\t\t\t<div class=\"elementor-column elementor-col-100 elementor-top-column elementor-element elementor-element-065a647\" data-id=\"065a647\" data-element_type=\"column\" data-e-type=\"column\">\n\t\t\t<div class=\"elementor-widget-wrap elementor-element-populated\">\n\t\t\t\t\t\t<div class=\"elementor-element elementor-element-abace32 elementor-absolute elementor-widget elementor-widget-image\" data-id=\"abace32\" data-element_type=\"widget\" data-e-type=\"widget\" data-settings=\"{&quot;_position&quot;:&quot;absolute&quot;}\" data-widget_type=\"image.default\">\n\t\t\t\t<div class=\"elementor-widget-container\">\n\t\t\t\t\t\t\t\t\t\t\t\t\t\t\t<img fetchpriority=\"high\" decoding=\"async\" width=\"377\" height=\"711\" src=\"https:\/\/cerom.qc.ca\/wp-content\/uploads\/2022\/05\/forme.png\" class=\"attachment-medium_large size-medium_large wp-image-6896\" alt=\"\" srcset=\"https:\/\/cerom.qc.ca\/wp-content\/uploads\/2022\/05\/forme.png 377w, https:\/\/cerom.qc.ca\/wp-content\/uploads\/2022\/05\/forme-159x300.png 159w\" sizes=\"(max-width: 377px) 100vw, 377px\" \/>\t\t\t\t\t\t\t\t\t\t\t\t\t\t\t<\/div>\n\t\t\t\t<\/div>\n\t\t\t\t\t<\/div>\n\t\t<\/div>\n\t\t\t\t\t<\/div>\n\t\t<\/section>\n\t\t\t\t<section class=\"elementor-section elementor-top-section elementor-element elementor-element-ce191a4 elementor-section-boxed elementor-section-height-default elementor-section-height-default\" data-id=\"ce191a4\" data-element_type=\"section\" data-e-type=\"section\" data-settings=\"{&quot;jet_parallax_layout_list&quot;:[]}\">\n\t\t\t\t\t\t<div class=\"elementor-container elementor-column-gap-default\">\n\t\t\t\t\t<div class=\"elementor-column elementor-col-100 elementor-top-column elementor-element elementor-element-2b4cd97\" data-id=\"2b4cd97\" data-element_type=\"column\" data-e-type=\"column\">\n\t\t\t<div class=\"elementor-widget-wrap elementor-element-populated\">\n\t\t\t\t\t\t<div class=\"elementor-element elementor-element-ab78a42 elementor-widget elementor-widget-shortcode\" data-id=\"ab78a42\" data-element_type=\"widget\" data-e-type=\"widget\" data-widget_type=\"shortcode.default\">\n\t\t\t\t<div class=\"elementor-widget-container\">\n\t\t\t\t\t\t\t<div class=\"elementor-shortcode\"><div class=\"wl-jobs-listing default\">\n\t\t\t\t\t\t<div class=\"wl-job\">\n\t\t\t\t\t\t\t<ul>\n\t\t\t\t\t\t\t\t<li class=\"first\">\n\t\t\t\t\t\t\t\t\t<a href=\"https:\/\/cerom.qc.ca\/en\/job-offer\/agricultural-technician-specialist-contractual\/\"><img decoding=\"async\" src=\"https:\/\/cerom.qc.ca\/wp-content\/plugins\/wl-jobs\/public\/img\/wl-job-icon3.png\" alt=\"\"><\/a>\n\t\t\t\t\t\t\t\t<\/li>\n\t\t\t\t\t\t\t\t<li class=\"middle\">\n\t\t\t\t\t\t\t\t\t<h2><a href=\"https:\/\/cerom.qc.ca\/en\/job-offer\/agricultural-technician-specialist-contractual\/\">Agricultural Technician Specialist (contractual)<\/a><\/h2>\n\t\t\t\t\t\t\t\t\t<!-- <h3>\n\t\t\t\t\t\t\t\t\t\t<a href=\"https:\/\/cerom.qc.ca\/en\/job-offer\/agricultural-technician-specialist-contractual\/\">\n\t\t\t\t\t\t\t\t\t\t\tCerom\n\t\t\t\t\t\t\t\t\t\t<\/a>\n\t\t\t\t\t\t\t\t\t<\/h3> -->\n\t\t\t\t\t\t\t\t<\/li>\n\t\t\t\t\t\t\t <li class=\"last\">\n\t\t\t\t\t\t\t\t<a href=\"https:\/\/cerom.qc.ca\/en\/job-offer\/agricultural-technician-specialist-contractual\/\">APPLY<\/a>\n\t\t\t\t\t\t\t\t<\/li>  \n\t\t\t\t\t\t\t<\/ul>\n\t\t\t\t\t\t<\/div>\n\t\t\t\t\t<\/div><\/div>\n\t\t\t\t\t\t<\/div>\n\t\t\t\t<\/div>\n\t\t\t\t<div class=\"elementor-element elementor-element-0436c1b elementor-hidden-desktop elementor-hidden-tablet elementor-hidden-mobile elementor-widget elementor-widget-heading\" data-id=\"0436c1b\" data-element_type=\"widget\" data-e-type=\"widget\" data-widget_type=\"heading.default\">\n\t\t\t\t<div class=\"elementor-widget-container\">\n\t\t\t\t\t<h2 class=\"elementor-heading-title elementor-size-default\">TITRE\nR\u00c9SUM\u00c9<\/h2>\t\t\t\t<\/div>\n\t\t\t\t<\/div>\n\t\t\t\t<div class=\"elementor-element elementor-element-9e082c9 accordeon elementor-hidden-desktop elementor-hidden-tablet elementor-hidden-mobile elementor-widget elementor-widget-accordion\" data-id=\"9e082c9\" data-element_type=\"widget\" data-e-type=\"widget\" data-widget_type=\"accordion.default\">\n\t\t\t\t<div class=\"elementor-widget-container\">\n\t\t\t\t\t\t\t<div class=\"elementor-accordion\">\n\t\t\t\t\t\t\t<div class=\"elementor-accordion-item\">\n\t\t\t\t\t<div id=\"elementor-tab-title-1651\" class=\"elementor-tab-title\" data-tab=\"1\" role=\"button\" aria-controls=\"elementor-tab-content-1651\" aria-expanded=\"false\">\n\t\t\t\t\t\t\t\t\t\t\t\t\t<span class=\"elementor-accordion-icon elementor-accordion-icon-right\" aria-hidden=\"true\">\n\t\t\t\t\t\t\t\t\t\t\t\t\t\t\t<span class=\"elementor-accordion-icon-closed\"><i class=\"fas fa-chevron-right\"><\/i><\/span>\n\t\t\t\t\t\t\t\t<span class=\"elementor-accordion-icon-opened\"><i class=\"fas fa-chevron-down\"><\/i><\/span>\n\t\t\t\t\t\t\t\t\t\t\t\t\t\t<\/span>\n\t\t\t\t\t\t\t\t\t\t\t\t<a class=\"elementor-accordion-title\" tabindex=\"0\">Chercheur ou chercheuse en r\u00e9gie des cultures, orientation plantes fourrag\u00e8res<\/a>\n\t\t\t\t\t<\/div>\n\t\t\t\t\t<div id=\"elementor-tab-content-1651\" class=\"elementor-tab-content elementor-clearfix\" data-tab=\"1\" role=\"region\" aria-labelledby=\"elementor-tab-title-1651\">Lorem ipsum dolor sit amet, consectetur adipiscing elit. Ut elit tellus, luctus nec ullamcorper mattis, pulvinar dapibus leo.<\/div>\n\t\t\t\t<\/div>\n\t\t\t\t\t\t\t<div class=\"elementor-accordion-item\">\n\t\t\t\t\t<div id=\"elementor-tab-title-1652\" class=\"elementor-tab-title\" data-tab=\"2\" role=\"button\" aria-controls=\"elementor-tab-content-1652\" aria-expanded=\"false\">\n\t\t\t\t\t\t\t\t\t\t\t\t\t<span class=\"elementor-accordion-icon elementor-accordion-icon-right\" aria-hidden=\"true\">\n\t\t\t\t\t\t\t\t\t\t\t\t\t\t\t<span class=\"elementor-accordion-icon-closed\"><i class=\"fas fa-chevron-right\"><\/i><\/span>\n\t\t\t\t\t\t\t\t<span class=\"elementor-accordion-icon-opened\"><i class=\"fas fa-chevron-down\"><\/i><\/span>\n\t\t\t\t\t\t\t\t\t\t\t\t\t\t<\/span>\n\t\t\t\t\t\t\t\t\t\t\t\t<a class=\"elementor-accordion-title\" tabindex=\"0\">Accord\u00e9on #2<\/a>\n\t\t\t\t\t<\/div>\n\t\t\t\t\t<div id=\"elementor-tab-content-1652\" class=\"elementor-tab-content elementor-clearfix\" data-tab=\"2\" role=\"region\" aria-labelledby=\"elementor-tab-title-1652\">Lorem ipsum dolor sit amet, consectetur adipiscing elit. Ut elit tellus, luctus nec ullamcorper mattis, pulvinar dapibus leo.<\/div>\n\t\t\t\t<\/div>\n\t\t\t\t\t\t\t\t<\/div>\n\t\t\t\t\t\t<\/div>\n\t\t\t\t<\/div>\n\t\t\t\t\t<\/div>\n\t\t<\/div>\n\t\t\t\t\t<\/div>\n\t\t<\/section>\n\t\t\t\t<\/div>\n\t\t","protected":false},"excerpt":{"rendered":"<p>Pour une carri\u00e8re orient\u00e9e en grandes cultures Qu\u2019attendez-vous pour vous joindre \u00e0 nous? Vous recherchez un emploi dans le domaine de l\u2019agriculture? La recherche en grandes cultures vous int\u00e9resse? Vous d\u00e9sirez contribuer au d\u00e9veloppement d\u2019une agriculture durable pour le Qu\u00e9bec? Dans ce cas, nous voulons vous rencontrer! Quelle que soit votre expertise dans le secteur [&hellip;]<\/p>\n","protected":false},"author":11,"featured_media":0,"parent":0,"menu_order":-9950,"comment_status":"closed","ping_status":"closed","template":"","meta":{"_acf_changed":false,"footnotes":""},"class_list":["post-7090","page","type-page","status-publish","hentry"],"acf":[],"_links":{"self":[{"href":"https:\/\/cerom.qc.ca\/en\/wp-json\/wp\/v2\/pages\/7090","targetHints":{"allow":["GET"]}}],"collection":[{"href":"https:\/\/cerom.qc.ca\/en\/wp-json\/wp\/v2\/pages"}],"about":[{"href":"https:\/\/cerom.qc.ca\/en\/wp-json\/wp\/v2\/types\/page"}],"author":[{"embeddable":true,"href":"https:\/\/cerom.qc.ca\/en\/wp-json\/wp\/v2\/users\/11"}],"replies":[{"embeddable":true,"href":"https:\/\/cerom.qc.ca\/en\/wp-json\/wp\/v2\/comments?post=7090"}],"version-history":[{"count":1,"href":"https:\/\/cerom.qc.ca\/en\/wp-json\/wp\/v2\/pages\/7090\/revisions"}],"predecessor-version":[{"id":7397,"href":"https:\/\/cerom.qc.ca\/en\/wp-json\/wp\/v2\/pages\/7090\/revisions\/7397"}],"wp:attachment":[{"href":"https:\/\/cerom.qc.ca\/en\/wp-json\/wp\/v2\/media?parent=7090"}],"curies":[{"name":"wp","href":"https:\/\/api.w.org\/{rel}","templated":true}]}}