{"id":7087,"date":"2022-07-05T09:02:03","date_gmt":"2022-07-05T13:02:03","guid":{"rendered":"https:\/\/cerom.qc.ca\/services-en-recherche\/"},"modified":"2025-10-20T22:27:51","modified_gmt":"2025-10-21T02:27:51","slug":"research-services","status":"publish","type":"page","link":"https:\/\/cerom.qc.ca\/en\/research-services\/","title":{"rendered":"Research services"},"content":{"rendered":"\t\t<div data-elementor-type=\"wp-page\" data-elementor-id=\"7087\" class=\"elementor elementor-7087 elementor-1904\" data-elementor-post-type=\"page\">\n\t\t\t\t\t\t<section class=\"elementor-section elementor-top-section elementor-element elementor-element-4a9e2b7 elementor-section-stretched elementor-section-boxed elementor-section-height-default elementor-section-height-default\" data-id=\"4a9e2b7\" data-element_type=\"section\" data-e-type=\"section\" data-settings=\"{&quot;stretch_section&quot;:&quot;section-stretched&quot;,&quot;jet_parallax_layout_list&quot;:[],&quot;background_background&quot;:&quot;slideshow&quot;,&quot;background_slideshow_gallery&quot;:[{&quot;id&quot;:6982,&quot;url&quot;:&quot;https:\\\/\\\/cerom.qc.ca\\\/wp-content\\\/uploads\\\/2022\\\/07\\\/services-en-recherche.jpg&quot;}],&quot;background_slideshow_transition_duration&quot;:1000,&quot;background_slideshow_loop&quot;:&quot;yes&quot;,&quot;background_slideshow_slide_duration&quot;:5000,&quot;background_slideshow_slide_transition&quot;:&quot;fade&quot;}\">\n\t\t\t\t\t\t<div class=\"elementor-container elementor-column-gap-default\">\n\t\t\t\t\t<div class=\"elementor-column elementor-col-100 elementor-top-column elementor-element elementor-element-3f3ca4b\" data-id=\"3f3ca4b\" data-element_type=\"column\" data-e-type=\"column\">\n\t\t\t<div class=\"elementor-widget-wrap elementor-element-populated\">\n\t\t\t\t\t\t<div class=\"elementor-element elementor-element-b29aa38 elementor-widget elementor-widget-heading\" data-id=\"b29aa38\" data-element_type=\"widget\" data-e-type=\"widget\" data-widget_type=\"heading.default\">\n\t\t\t\t<div class=\"elementor-widget-container\">\n\t\t\t\t\t<h2 class=\"elementor-heading-title elementor-size-default\">Services en recherche<\/h2>\t\t\t\t<\/div>\n\t\t\t\t<\/div>\n\t\t\t\t\t<\/div>\n\t\t<\/div>\n\t\t\t\t\t<\/div>\n\t\t<\/section>\n\t\t\t\t<section class=\"elementor-section elementor-top-section elementor-element elementor-element-d1ed58f elementor-section-boxed elementor-section-height-default elementor-section-height-default\" data-id=\"d1ed58f\" data-element_type=\"section\" data-e-type=\"section\" data-settings=\"{&quot;jet_parallax_layout_list&quot;:[]}\">\n\t\t\t\t\t\t<div class=\"elementor-container elementor-column-gap-default\">\n\t\t\t\t\t<div class=\"elementor-column elementor-col-50 elementor-top-column elementor-element elementor-element-34151bf\" data-id=\"34151bf\" data-element_type=\"column\" data-e-type=\"column\">\n\t\t\t<div class=\"elementor-widget-wrap elementor-element-populated\">\n\t\t\t\t\t\t<div class=\"elementor-element elementor-element-69bf2f0 elementor-widget elementor-widget-heading\" data-id=\"69bf2f0\" data-element_type=\"widget\" data-e-type=\"widget\" data-widget_type=\"heading.default\">\n\t\t\t\t<div class=\"elementor-widget-container\">\n\t\t\t\t\t<h2 class=\"elementor-heading-title elementor-size-default\">Notre expertise \u00e0 votre service<\/h2>\t\t\t\t<\/div>\n\t\t\t\t<\/div>\n\t\t\t\t<div class=\"elementor-element elementor-element-831df66 elementor-widget elementor-widget-text-editor\" data-id=\"831df66\" data-element_type=\"widget\" data-e-type=\"widget\" data-widget_type=\"text-editor.default\">\n\t\t\t\t<div class=\"elementor-widget-container\">\n\t\t\t\t\t\t\t\t\t<p>Le d\u00e9veloppement d\u2019essais est un processus complexe qui peut rapidement devenir un obstacle en recherche appliqu\u00e9e. Au C\u00c9ROM, nous explorons la solution la mieux adapt\u00e9e \u00e0 vos projets et nos professionnels \u00e9tablissent une synergie entre vos besoins et nos ressources afin de les concr\u00e9tiser. Gr\u00e2ce \u00e0 l\u2019expertise diversifi\u00e9e de notre \u00e9quipe de recherche et de nos \u00e9quipements sp\u00e9cialis\u00e9s pour le semis et la r\u00e9colte, pour l\u2019implantation de parcelles exp\u00e9rimentales et pour le traitement du mat\u00e9riel pr\u00e9lev\u00e9 ou r\u00e9colt\u00e9, le C\u00c9ROM peut r\u00e9aliser diff\u00e9rents essais et \u00e9valuations (liste non exhaustive) :<\/p><p>Phytoprotection<br \/>\u2022 Identification des insectes ravageurs et des m\u00e9thodes de pi\u00e9geage<br \/>\u2022 \u00c9valuation de la sensibilit\u00e9 pathologique de lign\u00e9es ou de cultivars<br \/>\u2022 Etc.<\/p><p>Parcelles<br \/>\u2022 Essais de lign\u00e9es ou de cultivars<br \/>\u2022 Essais de fusariose ou scl\u00e9rotiniose<br \/>\u2022 \u00c9valuation de diff\u00e9rents produits pour fins d\u2019homologation<br \/>\u2022 Etc.<\/p><p>R\u00e9gie de culture<br \/>\u2022 D\u00e9termination de r\u00e9gies optimales pour des cultivars<br \/>\u2022 Tests de fongicides ou d\u2019herbicides<br \/>\u2022 Etc.<\/p><p>Nous sommes \u00e9galement en mesure d\u2019offrir au requ\u00e9rant un soutien technique pour la prise des donn\u00e9es dans les champs ainsi que d\u2019effectuer les \u00e9tapes post-r\u00e9colte. De plus, nous pouvons assurer le transfert des connaissances acquises dans votre projet de recherche \u00e0 votre \u00e9quipe par des conf\u00e9rences ou une formation sur mesure.<\/p><p>Peu importe l\u2019ampleur de votre projet, nous pouvons concevoir et d\u00e9velopper un essai robuste, sensible et reproductible qui saura r\u00e9pondre \u00e0 vos besoins et \u00e0 vos attentes. Les services d\u2019expertise ou d\u2019utilisation d\u2019\u00e9quipement font l\u2019objet d\u2019une tarification sur mesure qui tient compte de la nature du service demand\u00e9, du type d\u2019\u00e9quipement souhait\u00e9 de m\u00eame que des besoins et des exigences du client. Votre entreprise d\u00e9sire profiter de l\u2019expertise du C\u00c9ROM? <a href=\"mailto:operations@cerom.qc.ca\">Contactez-nous<\/a>.<\/p>\t\t\t\t\t\t\t\t<\/div>\n\t\t\t\t<\/div>\n\t\t\t\t<div class=\"elementor-element elementor-element-472be2ee elementor-align-left elementor-hidden-desktop elementor-hidden-tablet elementor-hidden-mobile elementor-widget elementor-widget-button\" data-id=\"472be2ee\" data-element_type=\"widget\" data-e-type=\"widget\" data-widget_type=\"button.default\">\n\t\t\t\t<div class=\"elementor-widget-container\">\n\t\t\t\t\t\t\t\t\t<div class=\"elementor-button-wrapper\">\n\t\t\t\t\t<a class=\"elementor-button elementor-button-link elementor-size-sm\" href=\"#\">\n\t\t\t\t\t\t<span class=\"elementor-button-content-wrapper\">\n\t\t\t\t\t\t<span class=\"elementor-button-icon\">\n\t\t\t\t<i aria-hidden=\"true\" class=\"fas fa-chevron-right\"><\/i>\t\t\t<\/span>\n\t\t\t\t\t\t\t\t\t<span class=\"elementor-button-text\">Voir projets<\/span>\n\t\t\t\t\t<\/span>\n\t\t\t\t\t<\/a>\n\t\t\t\t<\/div>\n\t\t\t\t\t\t\t\t<\/div>\n\t\t\t\t<\/div>\n\t\t\t\t\t<\/div>\n\t\t<\/div>\n\t\t\t\t<div class=\"elementor-column elementor-col-50 elementor-top-column elementor-element elementor-element-449e236\" data-id=\"449e236\" data-element_type=\"column\" data-e-type=\"column\">\n\t\t\t<div class=\"elementor-widget-wrap elementor-element-populated\">\n\t\t\t\t\t\t<div class=\"elementor-element elementor-element-3428cb5 elementor-pagination-position-outside elementor-widget elementor-widget-image-carousel\" data-id=\"3428cb5\" data-element_type=\"widget\" data-e-type=\"widget\" data-settings=\"{&quot;slides_to_show&quot;:&quot;1&quot;,&quot;navigation&quot;:&quot;dots&quot;,&quot;autoplay&quot;:&quot;yes&quot;,&quot;pause_on_hover&quot;:&quot;yes&quot;,&quot;pause_on_interaction&quot;:&quot;yes&quot;,&quot;autoplay_speed&quot;:5000,&quot;infinite&quot;:&quot;yes&quot;,&quot;effect&quot;:&quot;slide&quot;,&quot;speed&quot;:500}\" data-widget_type=\"image-carousel.default\">\n\t\t\t\t<div class=\"elementor-widget-container\">\n\t\t\t\t\t\t\t<div class=\"elementor-image-carousel-wrapper swiper\" role=\"region\" aria-roledescription=\"carousel\" aria-label=\"Carrousel d\u2019images\" dir=\"ltr\">\n\t\t\t<div class=\"elementor-image-carousel swiper-wrapper\" aria-live=\"off\">\n\t\t\t\t\t\t\t\t<div class=\"swiper-slide\" role=\"group\" aria-roledescription=\"slide\" aria-label=\"1 of 4\"><figure class=\"swiper-slide-inner\"><img decoding=\"async\" class=\"swiper-slide-image\" src=\"https:\/\/cerom.qc.ca\/wp-content\/uploads\/2022\/07\/services_recherche.jpg\" alt=\"services recherche\" \/><\/figure><\/div><div class=\"swiper-slide\" role=\"group\" aria-roledescription=\"slide\" aria-label=\"2 of 4\"><figure class=\"swiper-slide-inner\"><img decoding=\"async\" class=\"swiper-slide-image\" src=\"https:\/\/cerom.qc.ca\/wp-content\/uploads\/2022\/07\/services_recherche_item1.jpg\" alt=\"services recherche\" \/><\/figure><\/div><div class=\"swiper-slide\" role=\"group\" aria-roledescription=\"slide\" aria-label=\"3 of 4\"><figure class=\"swiper-slide-inner\"><img decoding=\"async\" class=\"swiper-slide-image\" src=\"https:\/\/cerom.qc.ca\/wp-content\/uploads\/2022\/07\/services_recherche_item3.jpg\" alt=\"services recherche\" \/><\/figure><\/div><div class=\"swiper-slide\" role=\"group\" aria-roledescription=\"slide\" aria-label=\"4 of 4\"><figure class=\"swiper-slide-inner\"><img decoding=\"async\" class=\"swiper-slide-image\" src=\"https:\/\/cerom.qc.ca\/wp-content\/uploads\/2022\/07\/services_recherche_item4.jpg\" alt=\"services recherche\" \/><\/figure><\/div>\t\t\t<\/div>\n\t\t\t\t\t\t\t\n\t\t\t\t\t\t\t\t\t<div class=\"swiper-pagination\"><\/div>\n\t\t\t\t\t\t\t\t\t<\/div>\n\t\t\t\t\t\t<\/div>\n\t\t\t\t<\/div>\n\t\t\t\t\t<\/div>\n\t\t<\/div>\n\t\t\t\t\t<\/div>\n\t\t<\/section>\n\t\t\t\t<\/div>\n\t\t","protected":false},"excerpt":{"rendered":"<p>Services en recherche Notre expertise \u00e0 votre service Le d\u00e9veloppement d\u2019essais est un processus complexe qui peut rapidement devenir un obstacle en recherche appliqu\u00e9e. Au C\u00c9ROM, nous explorons la solution la mieux adapt\u00e9e \u00e0 vos projets et nos professionnels \u00e9tablissent une synergie entre vos besoins et nos ressources afin de les concr\u00e9tiser. Gr\u00e2ce \u00e0 l\u2019expertise [&hellip;]<\/p>\n","protected":false},"author":13,"featured_media":0,"parent":0,"menu_order":-9981,"comment_status":"closed","ping_status":"closed","template":"","meta":{"_acf_changed":false,"footnotes":""},"class_list":["post-7087","page","type-page","status-publish","hentry"],"acf":[],"_links":{"self":[{"href":"https:\/\/cerom.qc.ca\/en\/wp-json\/wp\/v2\/pages\/7087","targetHints":{"allow":["GET"]}}],"collection":[{"href":"https:\/\/cerom.qc.ca\/en\/wp-json\/wp\/v2\/pages"}],"about":[{"href":"https:\/\/cerom.qc.ca\/en\/wp-json\/wp\/v2\/types\/page"}],"author":[{"embeddable":true,"href":"https:\/\/cerom.qc.ca\/en\/wp-json\/wp\/v2\/users\/13"}],"replies":[{"embeddable":true,"href":"https:\/\/cerom.qc.ca\/en\/wp-json\/wp\/v2\/comments?post=7087"}],"version-history":[{"count":1,"href":"https:\/\/cerom.qc.ca\/en\/wp-json\/wp\/v2\/pages\/7087\/revisions"}],"predecessor-version":[{"id":7396,"href":"https:\/\/cerom.qc.ca\/en\/wp-json\/wp\/v2\/pages\/7087\/revisions\/7396"}],"wp:attachment":[{"href":"https:\/\/cerom.qc.ca\/en\/wp-json\/wp\/v2\/media?parent=7087"}],"curies":[{"name":"wp","href":"https:\/\/api.w.org\/{rel}","templated":true}]}}