{"id":7085,"date":"2022-07-06T06:14:08","date_gmt":"2022-07-06T10:14:08","guid":{"rendered":"https:\/\/cerom.qc.ca\/commercialisation\/"},"modified":"2025-10-20T22:27:31","modified_gmt":"2025-10-21T02:27:31","slug":"marketing","status":"publish","type":"page","link":"https:\/\/cerom.qc.ca\/en\/marketing\/","title":{"rendered":"Marketing"},"content":{"rendered":"\t\t<div data-elementor-type=\"wp-page\" data-elementor-id=\"7085\" class=\"elementor elementor-7085 elementor-2060\" data-elementor-post-type=\"page\">\n\t\t\t\t\t\t<section class=\"elementor-section elementor-top-section elementor-element elementor-element-4a9e2b7 elementor-section-stretched elementor-section-boxed elementor-section-height-default elementor-section-height-default\" data-id=\"4a9e2b7\" data-element_type=\"section\" data-e-type=\"section\" data-settings=\"{&quot;stretch_section&quot;:&quot;section-stretched&quot;,&quot;jet_parallax_layout_list&quot;:[],&quot;background_background&quot;:&quot;slideshow&quot;,&quot;background_slideshow_gallery&quot;:[{&quot;id&quot;:7032,&quot;url&quot;:&quot;https:\\\/\\\/cerom.qc.ca\\\/wp-content\\\/uploads\\\/2022\\\/07\\\/commercialisation.jpeg&quot;}],&quot;background_slideshow_transition_duration&quot;:1000,&quot;background_slideshow_loop&quot;:&quot;yes&quot;,&quot;background_slideshow_slide_duration&quot;:5000,&quot;background_slideshow_slide_transition&quot;:&quot;fade&quot;}\">\n\t\t\t\t\t\t<div class=\"elementor-container elementor-column-gap-default\">\n\t\t\t\t\t<div class=\"elementor-column elementor-col-100 elementor-top-column elementor-element elementor-element-3f3ca4b\" data-id=\"3f3ca4b\" data-element_type=\"column\" data-e-type=\"column\">\n\t\t\t<div class=\"elementor-widget-wrap elementor-element-populated\">\n\t\t\t\t\t\t<div class=\"elementor-element elementor-element-b29aa38 elementor-widget elementor-widget-heading\" data-id=\"b29aa38\" data-element_type=\"widget\" data-e-type=\"widget\" data-widget_type=\"heading.default\">\n\t\t\t\t<div class=\"elementor-widget-container\">\n\t\t\t\t\t<h2 class=\"elementor-heading-title elementor-size-default\">Commercialisation<\/h2>\t\t\t\t<\/div>\n\t\t\t\t<\/div>\n\t\t\t\t\t<\/div>\n\t\t<\/div>\n\t\t\t\t\t<\/div>\n\t\t<\/section>\n\t\t\t\t<section class=\"elementor-section elementor-top-section elementor-element elementor-element-d1ed58f elementor-section-boxed elementor-section-height-default elementor-section-height-default\" data-id=\"d1ed58f\" data-element_type=\"section\" data-e-type=\"section\" data-settings=\"{&quot;jet_parallax_layout_list&quot;:[]}\">\n\t\t\t\t\t\t<div class=\"elementor-container elementor-column-gap-default\">\n\t\t\t\t\t<div class=\"elementor-column elementor-col-50 elementor-top-column elementor-element elementor-element-34151bf\" data-id=\"34151bf\" data-element_type=\"column\" data-e-type=\"column\">\n\t\t\t<div class=\"elementor-widget-wrap elementor-element-populated\">\n\t\t\t\t\t\t<div class=\"elementor-element elementor-element-69bf2f0 elementor-widget elementor-widget-heading\" data-id=\"69bf2f0\" data-element_type=\"widget\" data-e-type=\"widget\" data-widget_type=\"heading.default\">\n\t\t\t\t<div class=\"elementor-widget-container\">\n\t\t\t\t\t<h2 class=\"elementor-heading-title elementor-size-default\">Nous avons les semences qu\u2019il vous faut<\/h2>\t\t\t\t<\/div>\n\t\t\t\t<\/div>\n\t\t\t\t<div class=\"elementor-element elementor-element-831df66 elementor-widget elementor-widget-text-editor\" data-id=\"831df66\" data-element_type=\"widget\" data-e-type=\"widget\" data-widget_type=\"text-editor.default\">\n\t\t\t\t<div class=\"elementor-widget-container\">\n\t\t\t\t\t\t\t\t\t<p>La s\u00e9lection g\u00e9n\u00e9tique est au c\u0153ur des activit\u00e9s de recherche du C\u00c9ROM depuis sa cr\u00e9ation et le d\u00e9veloppement de vari\u00e9t\u00e9s pour le march\u00e9 qu\u00e9b\u00e9cois fait partie int\u00e9grante de sa raison d\u2019\u00eatre.<\/p><p>Le programme de commercialisation du C\u00c9ROM propose un nouveau mod\u00e8le de collaboration dans lequel le mat\u00e9riel g\u00e9n\u00e9tique d\u00e9velopp\u00e9 au C\u00c9ROM est transf\u00e9r\u00e9 \u00e0 un ou des partenaires commerciaux dans le cadre d\u2019un accord de licence exclusive. Ce mat\u00e9riel est ensuite \u00e9valu\u00e9 par le ou les partenaires pendant une p\u00e9riode d\u00e9termin\u00e9e et, s\u2019il r\u00e9pond aux crit\u00e8res et standards qu\u2019ils recherchent, ce mat\u00e9riel pourra \u00eatre commercialis\u00e9 en tant que nouvelle vari\u00e9t\u00e9.<\/p><p>Gr\u00e2ce \u00e0 son approche novatrice, le C\u00c9ROM d\u00e9sire favoriser une meilleure synergie entre les secteurs public et priv\u00e9 et, ainsi, avoir un impact plus important sur le d\u00e9veloppement du secteur des grains au Qu\u00e9bec.<\/p><p>Votre entreprise d\u00e9sire profiter de l\u2019expertise du C\u00c9ROM?\u00a0<a href=\"mailto:commercialisation@cerom.qc.ca\" target=\"_blank\" rel=\"noopener\">Contactez<\/a><a href=\"commercialisation@cerom.qc.ca\">-nous<\/a>.<\/p><p><strong>Catalogue de commercialisation de lign\u00e9es<\/strong><\/p><p><a href=\"https:\/\/cerom.qc.ca\/wp-content\/uploads\/2024\/03\/CEROM_catalogue_2024_lr.pdf\">Catalogue de commercialisation de lign\u00e9es 2024<\/a>.<\/p><p><strong>Formulaires<\/strong><\/p><p><a href=\"https:\/\/cerom.qc.ca\/wp-content\/uploads\/2024\/02\/CEROM_Proposition-de-commercialisation2024_FR_dynamique.pdf\">Proposition de commercialisation de vari\u00e9t\u00e9<\/a> (PDF \u00e0 remplir &#8211; n\u00e9cessite\u00a0<a href=\"https:\/\/get.adobe.com\/fr\/reader\/\" target=\"_blank\" rel=\"noopener\">Acrobat Reader 10 ou une version plus r\u00e9cente ult\u00e9rieure<\/a>)<\/p><p><a href=\"https:\/\/cerom.qc.ca\/wp-content\/uploads\/2024\/02\/CEROM_Proposition-de-commercialisation2024_FR.pdf\">Proposition de commercialisation de vari\u00e9t\u00e9<\/a> (\u00e0 imprimer et remplir \u00e0 la main)<\/p><p><a href=\"https:\/\/cerom.qc.ca\/wp-content\/uploads\/2024\/02\/CEROM_Variety-commercialisation-proposal2024_EN_dynamicform.pdf\">Variety commercialisation proposal<\/a> (Fillable PDF &#8211; requires\u00a0<a href=\"https:\/\/get.adobe.com\/ca\/reader\/\" target=\"_blank\" rel=\"noopener\">Acrobat Reader 10 or higher<\/a>)<\/p><p><a href=\"https:\/\/cerom.qc.ca\/wp-content\/uploads\/2024\/02\/CEROM_Variety-commercialisation-proposal2024_EN.pdf\">Variety commercialisation proposal<\/a> (Print and fill out by hand)<\/p>\t\t\t\t\t\t\t\t<\/div>\n\t\t\t\t<\/div>\n\t\t\t\t<div class=\"elementor-element elementor-element-472be2ee elementor-align-left elementor-hidden-desktop elementor-hidden-tablet elementor-hidden-mobile elementor-widget elementor-widget-button\" data-id=\"472be2ee\" data-element_type=\"widget\" data-e-type=\"widget\" data-widget_type=\"button.default\">\n\t\t\t\t<div class=\"elementor-widget-container\">\n\t\t\t\t\t\t\t\t\t<div class=\"elementor-button-wrapper\">\n\t\t\t\t\t<a class=\"elementor-button elementor-button-link elementor-size-sm\" href=\"#\">\n\t\t\t\t\t\t<span class=\"elementor-button-content-wrapper\">\n\t\t\t\t\t\t<span class=\"elementor-button-icon\">\n\t\t\t\t<i aria-hidden=\"true\" class=\"fas fa-chevron-right\"><\/i>\t\t\t<\/span>\n\t\t\t\t\t\t\t\t\t<span class=\"elementor-button-text\">Voir projets<\/span>\n\t\t\t\t\t<\/span>\n\t\t\t\t\t<\/a>\n\t\t\t\t<\/div>\n\t\t\t\t\t\t\t\t<\/div>\n\t\t\t\t<\/div>\n\t\t\t\t\t<\/div>\n\t\t<\/div>\n\t\t\t\t<div class=\"elementor-column elementor-col-50 elementor-top-column elementor-element elementor-element-449e236\" data-id=\"449e236\" data-element_type=\"column\" data-e-type=\"column\">\n\t\t\t<div class=\"elementor-widget-wrap elementor-element-populated\">\n\t\t\t\t\t\t<div class=\"elementor-element elementor-element-bb120be elementor-pagination-position-outside elementor-widget elementor-widget-image-carousel\" data-id=\"bb120be\" data-element_type=\"widget\" data-e-type=\"widget\" data-settings=\"{&quot;slides_to_show&quot;:&quot;1&quot;,&quot;navigation&quot;:&quot;dots&quot;,&quot;autoplay&quot;:&quot;yes&quot;,&quot;pause_on_hover&quot;:&quot;yes&quot;,&quot;pause_on_interaction&quot;:&quot;yes&quot;,&quot;autoplay_speed&quot;:5000,&quot;infinite&quot;:&quot;yes&quot;,&quot;effect&quot;:&quot;slide&quot;,&quot;speed&quot;:500}\" data-widget_type=\"image-carousel.default\">\n\t\t\t\t<div class=\"elementor-widget-container\">\n\t\t\t\t\t\t\t<div class=\"elementor-image-carousel-wrapper swiper\" role=\"region\" aria-roledescription=\"carousel\" aria-label=\"Image Carousel\" dir=\"ltr\">\n\t\t\t<div class=\"elementor-image-carousel swiper-wrapper\" aria-live=\"off\">\n\t\t\t\t\t\t\t\t<div class=\"swiper-slide\" role=\"group\" aria-roledescription=\"slide\" aria-label=\"1 of 1\"><figure class=\"swiper-slide-inner\"><img decoding=\"async\" class=\"swiper-slide-image\" src=\"https:\/\/cerom.qc.ca\/wp-content\/uploads\/2024\/03\/19MAD3.5m_115_picture_1_2019-07-18-03-44-19-e1710970632616.jpg\" alt=\"19MAD3.5m_115_picture_1_2019-07-18-03-44-19\" \/><\/figure><\/div>\t\t\t<\/div>\n\t\t\t\t\t<\/div>\n\t\t\t\t\t\t<\/div>\n\t\t\t\t<\/div>\n\t\t\t\t\t<\/div>\n\t\t<\/div>\n\t\t\t\t\t<\/div>\n\t\t<\/section>\n\t\t\t\t<\/div>\n\t\t","protected":false},"excerpt":{"rendered":"<p>Commercialisation Nous avons les semences qu\u2019il vous faut La s\u00e9lection g\u00e9n\u00e9tique est au c\u0153ur des activit\u00e9s de recherche du C\u00c9ROM depuis sa cr\u00e9ation et le d\u00e9veloppement de vari\u00e9t\u00e9s pour le march\u00e9 qu\u00e9b\u00e9cois fait partie int\u00e9grante de sa raison d\u2019\u00eatre. Le programme de commercialisation du C\u00c9ROM propose un nouveau mod\u00e8le de collaboration dans lequel le mat\u00e9riel [&hellip;]<\/p>\n","protected":false},"author":13,"featured_media":0,"parent":0,"menu_order":-9983,"comment_status":"closed","ping_status":"closed","template":"","meta":{"_acf_changed":false,"footnotes":""},"class_list":["post-7085","page","type-page","status-publish","hentry"],"acf":[],"_links":{"self":[{"href":"https:\/\/cerom.qc.ca\/en\/wp-json\/wp\/v2\/pages\/7085","targetHints":{"allow":["GET"]}}],"collection":[{"href":"https:\/\/cerom.qc.ca\/en\/wp-json\/wp\/v2\/pages"}],"about":[{"href":"https:\/\/cerom.qc.ca\/en\/wp-json\/wp\/v2\/types\/page"}],"author":[{"embeddable":true,"href":"https:\/\/cerom.qc.ca\/en\/wp-json\/wp\/v2\/users\/13"}],"replies":[{"embeddable":true,"href":"https:\/\/cerom.qc.ca\/en\/wp-json\/wp\/v2\/comments?post=7085"}],"version-history":[{"count":1,"href":"https:\/\/cerom.qc.ca\/en\/wp-json\/wp\/v2\/pages\/7085\/revisions"}],"predecessor-version":[{"id":7394,"href":"https:\/\/cerom.qc.ca\/en\/wp-json\/wp\/v2\/pages\/7085\/revisions\/7394"}],"wp:attachment":[{"href":"https:\/\/cerom.qc.ca\/en\/wp-json\/wp\/v2\/media?parent=7085"}],"curies":[{"name":"wp","href":"https:\/\/api.w.org\/{rel}","templated":true}]}}