{"id":7084,"date":"2022-07-06T06:13:41","date_gmt":"2022-07-06T10:13:41","guid":{"rendered":"https:\/\/cerom.qc.ca\/location-de-terres-de-serres-et-dequipements\/"},"modified":"2025-10-20T22:27:21","modified_gmt":"2025-10-21T02:27:21","slug":"leasing-of-land-greenhouses-and-equipment","status":"publish","type":"page","link":"https:\/\/cerom.qc.ca\/en\/leasing-of-land-greenhouses-and-equipment\/","title":{"rendered":"Leasing of land, greenhouses, and equipment"},"content":{"rendered":"\t\t<div data-elementor-type=\"wp-page\" data-elementor-id=\"7084\" class=\"elementor elementor-7084 elementor-2058\" data-elementor-post-type=\"page\">\n\t\t\t\t\t\t<section class=\"elementor-section elementor-top-section elementor-element elementor-element-4a9e2b7 elementor-section-stretched elementor-section-boxed elementor-section-height-default elementor-section-height-default\" data-id=\"4a9e2b7\" data-element_type=\"section\" data-e-type=\"section\" data-settings=\"{&quot;stretch_section&quot;:&quot;section-stretched&quot;,&quot;jet_parallax_layout_list&quot;:[],&quot;background_background&quot;:&quot;slideshow&quot;,&quot;background_slideshow_gallery&quot;:[{&quot;id&quot;:7023,&quot;url&quot;:&quot;https:\\\/\\\/cerom.qc.ca\\\/wp-content\\\/uploads\\\/2022\\\/07\\\/location_terres_serres_equip-item1.jpg&quot;}],&quot;background_slideshow_transition_duration&quot;:1000,&quot;background_slideshow_loop&quot;:&quot;yes&quot;,&quot;background_slideshow_slide_duration&quot;:5000,&quot;background_slideshow_slide_transition&quot;:&quot;fade&quot;}\">\n\t\t\t\t\t\t<div class=\"elementor-container elementor-column-gap-default\">\n\t\t\t\t\t<div class=\"elementor-column elementor-col-100 elementor-top-column elementor-element elementor-element-3f3ca4b\" data-id=\"3f3ca4b\" data-element_type=\"column\" data-e-type=\"column\">\n\t\t\t<div class=\"elementor-widget-wrap elementor-element-populated\">\n\t\t\t\t\t\t<div class=\"elementor-element elementor-element-b29aa38 elementor-widget elementor-widget-heading\" data-id=\"b29aa38\" data-element_type=\"widget\" data-e-type=\"widget\" data-widget_type=\"heading.default\">\n\t\t\t\t<div class=\"elementor-widget-container\">\n\t\t\t\t\t<h2 class=\"elementor-heading-title elementor-size-default\">Location de terres, de serres et d'\u00e9quipements<\/h2>\t\t\t\t<\/div>\n\t\t\t\t<\/div>\n\t\t\t\t\t<\/div>\n\t\t<\/div>\n\t\t\t\t\t<\/div>\n\t\t<\/section>\n\t\t\t\t<section class=\"elementor-section elementor-top-section elementor-element elementor-element-d1ed58f elementor-section-boxed elementor-section-height-default elementor-section-height-default\" data-id=\"d1ed58f\" data-element_type=\"section\" data-e-type=\"section\" data-settings=\"{&quot;jet_parallax_layout_list&quot;:[]}\">\n\t\t\t\t\t\t<div class=\"elementor-container elementor-column-gap-default\">\n\t\t\t\t\t<div class=\"elementor-column elementor-col-50 elementor-top-column elementor-element elementor-element-34151bf\" data-id=\"34151bf\" data-element_type=\"column\" data-e-type=\"column\">\n\t\t\t<div class=\"elementor-widget-wrap elementor-element-populated\">\n\t\t\t\t\t\t<div class=\"elementor-element elementor-element-69bf2f0 elementor-widget elementor-widget-heading\" data-id=\"69bf2f0\" data-element_type=\"widget\" data-e-type=\"widget\" data-widget_type=\"heading.default\">\n\t\t\t\t<div class=\"elementor-widget-container\">\n\t\t\t\t\t<h2 class=\"elementor-heading-title elementor-size-default\">Pour tous vos besoins, des semis aux r\u00e9coltes, et plus encore <\/h2>\t\t\t\t<\/div>\n\t\t\t\t<\/div>\n\t\t\t\t<div class=\"elementor-element elementor-element-831df66 elementor-widget elementor-widget-text-editor\" data-id=\"831df66\" data-element_type=\"widget\" data-e-type=\"widget\" data-widget_type=\"text-editor.default\">\n\t\t\t\t<div class=\"elementor-widget-container\">\n\t\t\t\t\t\t\t\t\t<p>Le C\u00c9ROM peut offrir la location de terres agricoles, d\u2019espace en serres ainsi que d\u2019\u00e9quipements agricoles sp\u00e9cialis\u00e9s. Que ce soit pour des besoins reli\u00e9s au criblage, au s\u00e9chage ou pour la r\u00e9colte, le C\u00c9ROM est l\u00e0 pour vous! <a href=\"mailto:operations@cerom.qc.ca\">Contactez-nous<\/a>.<\/p><p><em><strong>Les serres sont compl\u00e8tes jusqu&#8217;en 2028.<\/strong><\/em><\/p>\t\t\t\t\t\t\t\t<\/div>\n\t\t\t\t<\/div>\n\t\t\t\t<div class=\"elementor-element elementor-element-472be2ee elementor-align-left elementor-hidden-desktop elementor-hidden-tablet elementor-hidden-mobile elementor-widget elementor-widget-button\" data-id=\"472be2ee\" data-element_type=\"widget\" data-e-type=\"widget\" data-widget_type=\"button.default\">\n\t\t\t\t<div class=\"elementor-widget-container\">\n\t\t\t\t\t\t\t\t\t<div class=\"elementor-button-wrapper\">\n\t\t\t\t\t<a class=\"elementor-button elementor-button-link elementor-size-sm\" href=\"#\">\n\t\t\t\t\t\t<span class=\"elementor-button-content-wrapper\">\n\t\t\t\t\t\t<span class=\"elementor-button-icon\">\n\t\t\t\t<i aria-hidden=\"true\" class=\"fas fa-chevron-right\"><\/i>\t\t\t<\/span>\n\t\t\t\t\t\t\t\t\t<span class=\"elementor-button-text\">Voir projets<\/span>\n\t\t\t\t\t<\/span>\n\t\t\t\t\t<\/a>\n\t\t\t\t<\/div>\n\t\t\t\t\t\t\t\t<\/div>\n\t\t\t\t<\/div>\n\t\t\t\t\t<\/div>\n\t\t<\/div>\n\t\t\t\t<div class=\"elementor-column elementor-col-50 elementor-top-column elementor-element elementor-element-449e236\" data-id=\"449e236\" data-element_type=\"column\" data-e-type=\"column\">\n\t\t\t<div class=\"elementor-widget-wrap elementor-element-populated\">\n\t\t\t\t\t\t<div class=\"elementor-element elementor-element-9c05882 elementor-pagination-position-outside elementor-widget elementor-widget-image-carousel\" data-id=\"9c05882\" data-element_type=\"widget\" data-e-type=\"widget\" data-settings=\"{&quot;slides_to_show&quot;:&quot;1&quot;,&quot;navigation&quot;:&quot;dots&quot;,&quot;autoplay&quot;:&quot;yes&quot;,&quot;pause_on_hover&quot;:&quot;yes&quot;,&quot;pause_on_interaction&quot;:&quot;yes&quot;,&quot;autoplay_speed&quot;:5000,&quot;infinite&quot;:&quot;yes&quot;,&quot;effect&quot;:&quot;slide&quot;,&quot;speed&quot;:500}\" data-widget_type=\"image-carousel.default\">\n\t\t\t\t<div class=\"elementor-widget-container\">\n\t\t\t\t\t\t\t<div class=\"elementor-image-carousel-wrapper swiper\" role=\"region\" aria-roledescription=\"carousel\" aria-label=\"Carrousel d\u2019images\" dir=\"ltr\">\n\t\t\t<div class=\"elementor-image-carousel swiper-wrapper\" aria-live=\"off\">\n\t\t\t\t\t\t\t\t<div class=\"swiper-slide\" role=\"group\" aria-roledescription=\"slide\" aria-label=\"1 of 3\"><figure class=\"swiper-slide-inner\"><img decoding=\"async\" class=\"swiper-slide-image\" src=\"https:\/\/cerom.qc.ca\/wp-content\/uploads\/2022\/07\/location_terres_serres_equip-item4.jpg\" alt=\"location terres serres equipement\" \/><\/figure><\/div><div class=\"swiper-slide\" role=\"group\" aria-roledescription=\"slide\" aria-label=\"2 of 3\"><figure class=\"swiper-slide-inner\"><img decoding=\"async\" class=\"swiper-slide-image\" src=\"https:\/\/cerom.qc.ca\/wp-content\/uploads\/2022\/07\/location_terres_serres_equip-item3.jpg\" alt=\"location terres serres equipement\" \/><\/figure><\/div><div class=\"swiper-slide\" role=\"group\" aria-roledescription=\"slide\" aria-label=\"3 of 3\"><figure class=\"swiper-slide-inner\"><img decoding=\"async\" class=\"swiper-slide-image\" src=\"https:\/\/cerom.qc.ca\/wp-content\/uploads\/2022\/07\/location_terres_serres_equip-item2.jpg\" alt=\"location terres serres equipement\" \/><\/figure><\/div>\t\t\t<\/div>\n\t\t\t\t\t\t\t\n\t\t\t\t\t\t\t\t\t<div class=\"swiper-pagination\"><\/div>\n\t\t\t\t\t\t\t\t\t<\/div>\n\t\t\t\t\t\t<\/div>\n\t\t\t\t<\/div>\n\t\t\t\t\t<\/div>\n\t\t<\/div>\n\t\t\t\t\t<\/div>\n\t\t<\/section>\n\t\t\t\t<\/div>\n\t\t","protected":false},"excerpt":{"rendered":"<p>Location de terres, de serres et d&#8217;\u00e9quipements Pour tous vos besoins, des semis aux r\u00e9coltes, et plus encore Le C\u00c9ROM peut offrir la location de terres agricoles, d\u2019espace en serres ainsi que d\u2019\u00e9quipements agricoles sp\u00e9cialis\u00e9s. Que ce soit pour des besoins reli\u00e9s au criblage, au s\u00e9chage ou pour la r\u00e9colte, le C\u00c9ROM est l\u00e0 pour [&hellip;]<\/p>\n","protected":false},"author":13,"featured_media":0,"parent":0,"menu_order":-9984,"comment_status":"closed","ping_status":"closed","template":"","meta":{"_acf_changed":false,"footnotes":""},"class_list":["post-7084","page","type-page","status-publish","hentry"],"acf":[],"_links":{"self":[{"href":"https:\/\/cerom.qc.ca\/en\/wp-json\/wp\/v2\/pages\/7084","targetHints":{"allow":["GET"]}}],"collection":[{"href":"https:\/\/cerom.qc.ca\/en\/wp-json\/wp\/v2\/pages"}],"about":[{"href":"https:\/\/cerom.qc.ca\/en\/wp-json\/wp\/v2\/types\/page"}],"author":[{"embeddable":true,"href":"https:\/\/cerom.qc.ca\/en\/wp-json\/wp\/v2\/users\/13"}],"replies":[{"embeddable":true,"href":"https:\/\/cerom.qc.ca\/en\/wp-json\/wp\/v2\/comments?post=7084"}],"version-history":[{"count":1,"href":"https:\/\/cerom.qc.ca\/en\/wp-json\/wp\/v2\/pages\/7084\/revisions"}],"predecessor-version":[{"id":7393,"href":"https:\/\/cerom.qc.ca\/en\/wp-json\/wp\/v2\/pages\/7084\/revisions\/7393"}],"wp:attachment":[{"href":"https:\/\/cerom.qc.ca\/en\/wp-json\/wp\/v2\/media?parent=7084"}],"curies":[{"name":"wp","href":"https:\/\/api.w.org\/{rel}","templated":true}]}}