{"id":7080,"date":"2022-07-06T20:10:59","date_gmt":"2022-07-07T00:10:59","guid":{"rendered":"https:\/\/cerom.qc.ca\/devenir-membre\/"},"modified":"2025-10-21T15:32:33","modified_gmt":"2025-10-21T19:32:33","slug":"become-a-member","status":"publish","type":"page","link":"https:\/\/cerom.qc.ca\/en\/become-a-member\/","title":{"rendered":"Become a member"},"content":{"rendered":"\t\t<div data-elementor-type=\"wp-page\" data-elementor-id=\"7080\" class=\"elementor elementor-7080 elementor-2434\" data-elementor-post-type=\"page\">\n\t\t\t\t\t\t<section class=\"elementor-section elementor-top-section elementor-element elementor-element-4a9e2b7 elementor-section-stretched elementor-section-boxed elementor-section-height-default elementor-section-height-default\" data-id=\"4a9e2b7\" data-element_type=\"section\" data-e-type=\"section\" data-settings=\"{&quot;stretch_section&quot;:&quot;section-stretched&quot;,&quot;jet_parallax_layout_list&quot;:[],&quot;background_background&quot;:&quot;slideshow&quot;,&quot;background_slideshow_gallery&quot;:[{&quot;id&quot;:6938,&quot;url&quot;:&quot;https:\\\/\\\/cerom.qc.ca\\\/wp-content\\\/uploads\\\/2022\\\/07\\\/ble_silvia_DJI_0202.jpeg&quot;}],&quot;background_slideshow_transition_duration&quot;:1000,&quot;background_slideshow_loop&quot;:&quot;yes&quot;,&quot;background_slideshow_slide_duration&quot;:5000,&quot;background_slideshow_slide_transition&quot;:&quot;fade&quot;}\">\n\t\t\t\t\t\t<div class=\"elementor-container elementor-column-gap-default\">\n\t\t\t\t\t<div class=\"elementor-column elementor-col-100 elementor-top-column elementor-element elementor-element-3f3ca4b\" data-id=\"3f3ca4b\" data-element_type=\"column\" data-e-type=\"column\">\n\t\t\t<div class=\"elementor-widget-wrap elementor-element-populated\">\n\t\t\t\t\t\t<div class=\"elementor-element elementor-element-b29aa38 elementor-widget elementor-widget-heading\" data-id=\"b29aa38\" data-element_type=\"widget\" data-e-type=\"widget\" data-widget_type=\"heading.default\">\n\t\t\t\t<div class=\"elementor-widget-container\">\n\t\t\t\t\t<h2 class=\"elementor-heading-title elementor-size-default\">Become a member<\/h2>\t\t\t\t<\/div>\n\t\t\t\t<\/div>\n\t\t\t\t\t<\/div>\n\t\t<\/div>\n\t\t\t\t\t<\/div>\n\t\t<\/section>\n\t\t\t\t<section class=\"elementor-section elementor-top-section elementor-element elementor-element-d1ed58f elementor-section-boxed elementor-section-height-default elementor-section-height-default\" data-id=\"d1ed58f\" data-element_type=\"section\" data-e-type=\"section\" data-settings=\"{&quot;jet_parallax_layout_list&quot;:[]}\">\n\t\t\t\t\t\t<div class=\"elementor-container elementor-column-gap-default\">\n\t\t\t\t\t<div class=\"elementor-column elementor-col-50 elementor-top-column elementor-element elementor-element-34151bf\" data-id=\"34151bf\" data-element_type=\"column\" data-e-type=\"column\">\n\t\t\t<div class=\"elementor-widget-wrap elementor-element-populated\">\n\t\t\t\t\t\t<div class=\"elementor-element elementor-element-69bf2f0 elementor-widget elementor-widget-heading\" data-id=\"69bf2f0\" data-element_type=\"widget\" data-e-type=\"widget\" data-widget_type=\"heading.default\">\n\t\t\t\t<div class=\"elementor-widget-container\">\n\t\t\t\t\t<h2 class=\"elementor-heading-title elementor-size-default\">Contribuez au d\u00e9veloppement du secteur des grains de demain<\/h2>\t\t\t\t<\/div>\n\t\t\t\t<\/div>\n\t\t\t\t<div class=\"elementor-element elementor-element-831df66 elementor-widget elementor-widget-text-editor\" data-id=\"831df66\" data-element_type=\"widget\" data-e-type=\"widget\" data-widget_type=\"text-editor.default\">\n\t\t\t\t<div class=\"elementor-widget-container\">\n\t\t\t\t\t\t\t\t\t<p>Le C\u00c9ROM invite les divers organismes de la fili\u00e8re \u00e0 devenir membres. Plusieurs options s\u2019offrent \u00e0 vous, que vous d\u00e9siriez devenir membre actif, membre partenaire ou membre collaborateur.<\/p><p>En devenant membre du C\u00c9ROM, vous vous engagez \u00e0 \u00e9voluer avec nous. Ce partenariat vous permettra de b\u00e9n\u00e9ficier d\u2019avantages multiples, d\u2019offrir des solutions adapt\u00e9es et \u00e9volutives r\u00e9pondant aux besoins du secteur et de r\u00e9aliser des projets de recherche porteurs pour votre entreprise, mais \u00e9galement pour le secteur. Le d\u00e9veloppement de tels partenariats avec les intervenants de la fili\u00e8re et les entreprises agricoles permettent au C\u00c9ROM de poursuivre et d\u2019accro\u00eetre ses efforts de recherche et de transferts ax\u00e9s sur une agriculture durable, dans l\u2019optique de d\u00e9velopper un secteur agroalimentaire prosp\u00e8re, durable et ancr\u00e9 sur le territoire.<\/p><p>Le C\u00c9ROM \u00e9tant reconnu \u00e0 titre de consortium de recherche admissible par le Minist\u00e8re de l&#8217;\u00c9conomie, de l&#8217;Innovation et de l&#8217;\u00c9nergie (MEIE),\u00a0<span style=\"color: var( --e-global-color-text ); font-family: var( --e-global-typography-text-font-family ), Sans-serif; font-size: var( --e-global-typography-text-font-size ); font-weight: var( --e-global-typography-text-font-weight );\">vous pourriez \u00eatre \u00e9ligible \u00e0 des\u00a0<\/span><a href=\"https:\/\/www.economie.gouv.qc.ca\/bibliotheques\/programmes\/mesures-fiscales\/reconnaissance-des-consortiums-de-recherche-admissibles\" target=\"_blank\" rel=\"noopener\">cr\u00e9dits d&#8217;imp\u00f4t<\/a>\u00a0relativement aux cotisations ou aux droits vers\u00e9s \u00e0 notre centre de recherche<span style=\"color: var( --e-global-color-text ); font-family: var( --e-global-typography-text-font-family ), Sans-serif; font-size: var( --e-global-typography-text-font-size ); font-weight: var( --e-global-typography-text-font-weight );\">.<\/span><\/p><p>Vous d\u00e9sirez devenir membre du C\u00c9ROM? <a href=\"\/contact\/\">Contactez-nous<\/a>\u00a0ou t\u00e9l\u00e9chargez notre <a href=\"https:\/\/cerom.qc.ca\/wp-content\/uploads\/2024\/03\/CEROM_partenariats_2024_lr.pdf\">brochure<\/a> pr\u00e9sentant notre offre de partenariat.<\/p>\t\t\t\t\t\t\t\t<\/div>\n\t\t\t\t<\/div>\n\t\t\t\t\t<\/div>\n\t\t<\/div>\n\t\t\t\t<div class=\"elementor-column elementor-col-50 elementor-top-column elementor-element elementor-element-449e236\" data-id=\"449e236\" data-element_type=\"column\" data-e-type=\"column\">\n\t\t\t<div class=\"elementor-widget-wrap elementor-element-populated\">\n\t\t\t\t\t\t<div class=\"elementor-element elementor-element-fbb7f09 elementor-widget elementor-widget-image\" data-id=\"fbb7f09\" data-element_type=\"widget\" data-e-type=\"widget\" data-widget_type=\"image.default\">\n\t\t\t\t<div class=\"elementor-widget-container\">\n\t\t\t\t\t\t\t\t\t\t\t\t\t\t\t<img fetchpriority=\"high\" decoding=\"async\" width=\"800\" height=\"600\" src=\"https:\/\/cerom.qc.ca\/wp-content\/uploads\/2022\/07\/Genetic-variability-on-segregating-populations--1024x768.jpeg\" class=\"attachment-large size-large wp-image-6939\" alt=\"Genetic variability on segregating populations\" srcset=\"https:\/\/cerom.qc.ca\/wp-content\/uploads\/2022\/07\/Genetic-variability-on-segregating-populations--1024x768.jpeg 1024w, https:\/\/cerom.qc.ca\/wp-content\/uploads\/2022\/07\/Genetic-variability-on-segregating-populations--300x225.jpeg 300w, https:\/\/cerom.qc.ca\/wp-content\/uploads\/2022\/07\/Genetic-variability-on-segregating-populations--768x576.jpeg 768w, https:\/\/cerom.qc.ca\/wp-content\/uploads\/2022\/07\/Genetic-variability-on-segregating-populations-.jpeg 1334w\" sizes=\"(max-width: 800px) 100vw, 800px\" \/>\t\t\t\t\t\t\t\t\t\t\t\t\t\t\t<\/div>\n\t\t\t\t<\/div>\n\t\t\t\t\t<\/div>\n\t\t<\/div>\n\t\t\t\t\t<\/div>\n\t\t<\/section>\n\t\t\t\t<section class=\"elementor-section elementor-top-section elementor-element elementor-element-18601cb elementor-section-full_width elementor-section-stretched elementor-section-height-default elementor-section-height-default\" data-id=\"18601cb\" data-element_type=\"section\" data-e-type=\"section\" data-settings=\"{&quot;stretch_section&quot;:&quot;section-stretched&quot;,&quot;jet_parallax_layout_list&quot;:[]}\">\n\t\t\t\t\t\t<div class=\"elementor-container elementor-column-gap-default\">\n\t\t\t\t\t<div class=\"elementor-column elementor-col-100 elementor-top-column elementor-element elementor-element-8cfa6ca\" data-id=\"8cfa6ca\" data-element_type=\"column\" data-e-type=\"column\">\n\t\t\t<div class=\"elementor-widget-wrap elementor-element-populated\">\n\t\t\t\t\t\t<div class=\"elementor-element elementor-element-f90ebcd elementor-absolute elementor-widget elementor-widget-image\" data-id=\"f90ebcd\" data-element_type=\"widget\" data-e-type=\"widget\" data-settings=\"{&quot;_position&quot;:&quot;absolute&quot;}\" data-widget_type=\"image.default\">\n\t\t\t\t<div class=\"elementor-widget-container\">\n\t\t\t\t\t\t\t\t\t\t\t\t\t\t\t<img decoding=\"async\" width=\"377\" height=\"711\" src=\"https:\/\/cerom.qc.ca\/wp-content\/uploads\/2022\/05\/forme.png\" class=\"attachment-medium_large size-medium_large wp-image-6896\" alt=\"\" srcset=\"https:\/\/cerom.qc.ca\/wp-content\/uploads\/2022\/05\/forme.png 377w, https:\/\/cerom.qc.ca\/wp-content\/uploads\/2022\/05\/forme-159x300.png 159w\" sizes=\"(max-width: 377px) 100vw, 377px\" \/>\t\t\t\t\t\t\t\t\t\t\t\t\t\t\t<\/div>\n\t\t\t\t<\/div>\n\t\t\t\t\t<\/div>\n\t\t<\/div>\n\t\t\t\t\t<\/div>\n\t\t<\/section>\n\t\t\t\t<\/div>\n\t\t","protected":false},"excerpt":{"rendered":"<p>Become a member Contribuez au d\u00e9veloppement du secteur des grains de demain Le C\u00c9ROM invite les divers organismes de la fili\u00e8re \u00e0 devenir membres. Plusieurs options s\u2019offrent \u00e0 vous, que vous d\u00e9siriez devenir membre actif, membre partenaire ou membre collaborateur. En devenant membre du C\u00c9ROM, vous vous engagez \u00e0 \u00e9voluer avec nous. Ce partenariat vous [&hellip;]<\/p>\n","protected":false},"author":13,"featured_media":0,"parent":0,"menu_order":-9998,"comment_status":"closed","ping_status":"closed","template":"","meta":{"_acf_changed":false,"footnotes":""},"class_list":["post-7080","page","type-page","status-publish","hentry"],"acf":[],"_links":{"self":[{"href":"https:\/\/cerom.qc.ca\/en\/wp-json\/wp\/v2\/pages\/7080","targetHints":{"allow":["GET"]}}],"collection":[{"href":"https:\/\/cerom.qc.ca\/en\/wp-json\/wp\/v2\/pages"}],"about":[{"href":"https:\/\/cerom.qc.ca\/en\/wp-json\/wp\/v2\/types\/page"}],"author":[{"embeddable":true,"href":"https:\/\/cerom.qc.ca\/en\/wp-json\/wp\/v2\/users\/13"}],"replies":[{"embeddable":true,"href":"https:\/\/cerom.qc.ca\/en\/wp-json\/wp\/v2\/comments?post=7080"}],"version-history":[{"count":4,"href":"https:\/\/cerom.qc.ca\/en\/wp-json\/wp\/v2\/pages\/7080\/revisions"}],"predecessor-version":[{"id":7534,"href":"https:\/\/cerom.qc.ca\/en\/wp-json\/wp\/v2\/pages\/7080\/revisions\/7534"}],"wp:attachment":[{"href":"https:\/\/cerom.qc.ca\/en\/wp-json\/wp\/v2\/media?parent=7080"}],"curies":[{"name":"wp","href":"https:\/\/api.w.org\/{rel}","templated":true}]}}